{"id":46554,"date":"2026-04-30T17:24:19","date_gmt":"2026-04-30T17:24:19","guid":{"rendered":"https:\/\/rgrpluss.lv\/?post_type=product&#038;p=46554"},"modified":"2026-04-30T17:33:28","modified_gmt":"2026-04-30T17:33:28","slug":"%d1%81%d0%ba%d0%b0%d0%bc%d0%b5%d0%b9%d0%ba%d0%b0-%d0%bf%d0%b0%d1%80%d0%ba%d0%be%d0%b2%d0%b0%d1%8f-sm-6-2-kopija","status":"publish","type":"product","link":"https:\/\/rgrpluss.lv\/ru\/product\/%d1%81%d0%ba%d0%b0%d0%bc%d0%b5%d0%b9%d0%ba%d0%b0-%d0%bf%d0%b0%d1%80%d0%ba%d0%be%d0%b2%d0%b0%d1%8f-sm-6-2-kopija\/","title":{"rendered":"\u0421\u043a\u0430\u043c\u0435\u0439\u043a\u0430 \u043f\u0430\u0440\u043a\u043e\u0432\u0430\u044f SM-6.3"},"content":{"rendered":"<div class=\"sketchfab-embed-wrapper\"><iframe loading=\"lazy\" title=\"skice\" src=\"https:\/\/sketchfab.com\/models\/255398a2e1784808ac685156ec4141ae\/embed?autospin=0.05&amp;autostart=1&amp;preload=1&amp;transparent=1&amp;ui_infos=0&amp;ui_stop=0&amp;ui_inspector=0&amp;ui_watermark_link=0&amp;ui_watermark=0&amp;ui_hint=0&amp;ui_help=0&amp;ui_settings=0&amp;ui_vr=0&amp;ui_annotations=0\" width=\"500\" height=\"400\" frameborder=\"0\" allowfullscreen=\"allowfullscreen\"><span data-mce-type=\"bookmark\" style=\"display: inline-block; width: 0px; overflow: hidden; line-height: 0;\" class=\"mce_SELRES_start\">\ufeff<\/span> <\/iframe><\/div>\n","protected":false},"excerpt":{"rendered":"<p><a style=\"display: inline-block;\" href=\"https:\/\/rgrpluss.lv\/wp-content\/uploads\/2026\/04\/SM-6.3.pdf\" target=\"_blank\" rel=\"noopener noreferrer\"><br \/>\n<img loading=\"lazy\" decoding=\"async\" style=\"animation: pulse 1.9s infinite; transition: transform 0.25s ease, filter 0.25s ease;\" src=\"https:\/\/rgrpluss.lv\/wp-content\/uploads\/2020\/12\/koka-sedvirsma-1.svg\" alt=\"Datu lapa (WPC)\" width=\"200\" height=\"18\" \/><br \/>\n<\/a><\/p>\n<div style=\"margin-top: 4px; display: inline-flex; align-items: center; font-weight: 600; color: #8f0000;\">\n<p>Ra\u017eo\u0161anas laiks l\u012bdz 2\u20133 ned\u0113\u013c\u0101m atkar\u012bb\u0101 no noslodzes<\/p>\n<\/div>\n<style>\n\/* Maiga, \u201cpremium\u201d kr\u0101su mai\u0146a tikai ikonai *\/<br \/>@keyframes rgrClockTint {<br \/>  0%   { color:#8F0000; opacity:1; }<br \/>  50%  { color:#C13A2A; opacity:0.75; }<br \/>  100% { color:#8F0000; opacity:1; }<br \/>}<br \/>.rgr-clock{<br \/>  animation:rgrClockTint 1.4s ease-in-out infinite;<br \/>}<br \/><\/style>\n<style>\n@keyframes clockTint {<br \/>  0%   { opacity: 1;   transform: translateY(0);    filter: saturate(1); }<br \/>  50%  { opacity: 0.55; transform: translateY(-1px); filter: saturate(1.6); }<br \/>  100% { opacity: 1;   transform: translateY(0);    filter: saturate(1); }<br \/>}<br \/><\/style>\n<style>\n@keyframes pulse {<br \/>  0%   { opacity: 1; }<br \/>  50%  { opacity: 0.3; }<br \/>  100% { opacity: 1; }<br \/>}<br \/><\/style>\n","protected":false},"featured_media":46558,"template":"","meta":{"_acf_changed":false},"product_brand":[],"product_cat":[277],"product_tag":[],"class_list":{"0":"post-46554","1":"product","2":"type-product","3":"status-publish","4":"has-post-thumbnail","6":"product_cat-skamejki-s-metallicheskimi-nozhkami","7":"tm-no-options","9":"first","10":"instock","11":"taxable","12":"shipping-taxable","13":"purchasable","14":"product-type-simple"},"acf":{"mask":null,"text":""},"yoast_head":"<!-- This site is optimized with the Yoast SEO plugin v24.5 - https:\/\/yoast.com\/wordpress\/plugins\/seo\/ -->\n<title>\u0421\u043a\u0430\u043c\u0435\u0439\u043a\u0430 \u043f\u0430\u0440\u043a\u043e\u0432\u0430\u044f SM-6.3 - RGR pluss<\/title>\n<meta name=\"robots\" content=\"index, follow, max-snippet:-1, max-image-preview:large, max-video-preview:-1\" \/>\n<link rel=\"canonical\" href=\"https:\/\/rgrpluss.lv\/ru\/product\/%d1%81%d0%ba%d0%b0%d0%bc%d0%b5%d0%b9%d0%ba%d0%b0-%d0%bf%d0%b0%d1%80%d0%ba%d0%be%d0%b2%d0%b0%d1%8f-sm-6-2-kopija\/\" \/>\n<meta property=\"og:locale\" content=\"ru_RU\" \/>\n<meta property=\"og:type\" content=\"article\" \/>\n<meta property=\"og:title\" content=\"\u0421\u043a\u0430\u043c\u0435\u0439\u043a\u0430 \u043f\u0430\u0440\u043a\u043e\u0432\u0430\u044f SM-6.3 - RGR pluss\" \/>\n<meta property=\"og:description\" content=\"Ra\u017eo\u0161anas laiks l\u012bdz 2\u20133 ned\u0113\u013c\u0101m atkar\u012bb\u0101 no noslodzes\" \/>\n<meta property=\"og:url\" content=\"https:\/\/rgrpluss.lv\/ru\/product\/%d1%81%d0%ba%d0%b0%d0%bc%d0%b5%d0%b9%d0%ba%d0%b0-%d0%bf%d0%b0%d1%80%d0%ba%d0%be%d0%b2%d0%b0%d1%8f-sm-6-2-kopija\/\" \/>\n<meta property=\"og:site_name\" content=\"RGR pluss\" \/>\n<meta property=\"article:modified_time\" content=\"2026-04-30T17:33:28+00:00\" \/>\n<meta property=\"og:image\" content=\"https:\/\/rgrpluss.lv\/wp-content\/uploads\/2026\/04\/1.jpg\" \/>\n\t<meta property=\"og:image:width\" content=\"2046\" \/>\n\t<meta property=\"og:image:height\" content=\"2046\" \/>\n\t<meta property=\"og:image:type\" content=\"image\/jpeg\" \/>\n<meta name=\"twitter:card\" content=\"summary_large_image\" \/>\n<script type=\"application\/ld+json\" class=\"yoast-schema-graph\">{\"@context\":\"https:\/\/schema.org\",\"@graph\":[{\"@type\":\"WebPage\",\"@id\":\"https:\/\/rgrpluss.lv\/ru\/product\/%d1%81%d0%ba%d0%b0%d0%bc%d0%b5%d0%b9%d0%ba%d0%b0-%d0%bf%d0%b0%d1%80%d0%ba%d0%be%d0%b2%d0%b0%d1%8f-sm-6-2-kopija\/\",\"url\":\"https:\/\/rgrpluss.lv\/ru\/product\/%d1%81%d0%ba%d0%b0%d0%bc%d0%b5%d0%b9%d0%ba%d0%b0-%d0%bf%d0%b0%d1%80%d0%ba%d0%be%d0%b2%d0%b0%d1%8f-sm-6-2-kopija\/\",\"name\":\"\u0421\u043a\u0430\u043c\u0435\u0439\u043a\u0430 \u043f\u0430\u0440\u043a\u043e\u0432\u0430\u044f SM-6.3 - RGR pluss\",\"isPartOf\":{\"@id\":\"http:\/\/rgrpluss.lv\/ru\/#website\"},\"primaryImageOfPage\":{\"@id\":\"https:\/\/rgrpluss.lv\/ru\/product\/%d1%81%d0%ba%d0%b0%d0%bc%d0%b5%d0%b9%d0%ba%d0%b0-%d0%bf%d0%b0%d1%80%d0%ba%d0%be%d0%b2%d0%b0%d1%8f-sm-6-2-kopija\/#primaryimage\"},\"image\":{\"@id\":\"https:\/\/rgrpluss.lv\/ru\/product\/%d1%81%d0%ba%d0%b0%d0%bc%d0%b5%d0%b9%d0%ba%d0%b0-%d0%bf%d0%b0%d1%80%d0%ba%d0%be%d0%b2%d0%b0%d1%8f-sm-6-2-kopija\/#primaryimage\"},\"thumbnailUrl\":\"https:\/\/rgrpluss.lv\/wp-content\/uploads\/2026\/04\/1.jpg\",\"datePublished\":\"2026-04-30T17:24:19+00:00\",\"dateModified\":\"2026-04-30T17:33:28+00:00\",\"breadcrumb\":{\"@id\":\"https:\/\/rgrpluss.lv\/ru\/product\/%d1%81%d0%ba%d0%b0%d0%bc%d0%b5%d0%b9%d0%ba%d0%b0-%d0%bf%d0%b0%d1%80%d0%ba%d0%be%d0%b2%d0%b0%d1%8f-sm-6-2-kopija\/#breadcrumb\"},\"inLanguage\":\"ru-RU\",\"potentialAction\":[{\"@type\":\"ReadAction\",\"target\":[\"https:\/\/rgrpluss.lv\/ru\/product\/%d1%81%d0%ba%d0%b0%d0%bc%d0%b5%d0%b9%d0%ba%d0%b0-%d0%bf%d0%b0%d1%80%d0%ba%d0%be%d0%b2%d0%b0%d1%8f-sm-6-2-kopija\/\"]}]},{\"@type\":\"ImageObject\",\"inLanguage\":\"ru-RU\",\"@id\":\"https:\/\/rgrpluss.lv\/ru\/product\/%d1%81%d0%ba%d0%b0%d0%bc%d0%b5%d0%b9%d0%ba%d0%b0-%d0%bf%d0%b0%d1%80%d0%ba%d0%be%d0%b2%d0%b0%d1%8f-sm-6-2-kopija\/#primaryimage\",\"url\":\"https:\/\/rgrpluss.lv\/wp-content\/uploads\/2026\/04\/1.jpg\",\"contentUrl\":\"https:\/\/rgrpluss.lv\/wp-content\/uploads\/2026\/04\/1.jpg\",\"width\":2046,\"height\":2046},{\"@type\":\"BreadcrumbList\",\"@id\":\"https:\/\/rgrpluss.lv\/ru\/product\/%d1%81%d0%ba%d0%b0%d0%bc%d0%b5%d0%b9%d0%ba%d0%b0-%d0%bf%d0%b0%d1%80%d0%ba%d0%be%d0%b2%d0%b0%d1%8f-sm-6-2-kopija\/#breadcrumb\",\"itemListElement\":[{\"@type\":\"ListItem\",\"position\":1,\"name\":\"\u0413\u043b\u0430\u0432\u043d\u0430\u044f \u0441\u0442\u0440\u0430\u043d\u0438\u0446\u0430\",\"item\":\"https:\/\/rgrpluss.lv\/ru\/\"},{\"@type\":\"ListItem\",\"position\":2,\"name\":\"\u041c\u0430\u0433\u0430\u0437\u0438\u043d\",\"item\":\"https:\/\/rgrpluss.lv\/ru\/magazin\/\"},{\"@type\":\"ListItem\",\"position\":3,\"name\":\"\u0421\u043a\u0430\u043c\u0435\u0439\u043a\u0430 \u043f\u0430\u0440\u043a\u043e\u0432\u0430\u044f SM-6.3\"}]},{\"@type\":\"WebSite\",\"@id\":\"http:\/\/rgrpluss.lv\/ru\/#website\",\"url\":\"http:\/\/rgrpluss.lv\/ru\/\",\"name\":\"RGR pluss\",\"description\":\"RGR Plus interneta veikals\",\"potentialAction\":[{\"@type\":\"SearchAction\",\"target\":{\"@type\":\"EntryPoint\",\"urlTemplate\":\"http:\/\/rgrpluss.lv\/ru\/?s={search_term_string}\"},\"query-input\":{\"@type\":\"PropertyValueSpecification\",\"valueRequired\":true,\"valueName\":\"search_term_string\"}}],\"inLanguage\":\"ru-RU\"}]}<\/script>\n<!-- \/ Yoast SEO plugin. -->","yoast_head_json":{"title":"\u0421\u043a\u0430\u043c\u0435\u0439\u043a\u0430 \u043f\u0430\u0440\u043a\u043e\u0432\u0430\u044f SM-6.3 - RGR pluss","robots":{"index":"index","follow":"follow","max-snippet":"max-snippet:-1","max-image-preview":"max-image-preview:large","max-video-preview":"max-video-preview:-1"},"canonical":"https:\/\/rgrpluss.lv\/ru\/product\/%d1%81%d0%ba%d0%b0%d0%bc%d0%b5%d0%b9%d0%ba%d0%b0-%d0%bf%d0%b0%d1%80%d0%ba%d0%be%d0%b2%d0%b0%d1%8f-sm-6-2-kopija\/","og_locale":"ru_RU","og_type":"article","og_title":"\u0421\u043a\u0430\u043c\u0435\u0439\u043a\u0430 \u043f\u0430\u0440\u043a\u043e\u0432\u0430\u044f SM-6.3 - RGR pluss","og_description":"Ra\u017eo\u0161anas laiks l\u012bdz 2\u20133 ned\u0113\u013c\u0101m atkar\u012bb\u0101 no noslodzes","og_url":"https:\/\/rgrpluss.lv\/ru\/product\/%d1%81%d0%ba%d0%b0%d0%bc%d0%b5%d0%b9%d0%ba%d0%b0-%d0%bf%d0%b0%d1%80%d0%ba%d0%be%d0%b2%d0%b0%d1%8f-sm-6-2-kopija\/","og_site_name":"RGR pluss","article_modified_time":"2026-04-30T17:33:28+00:00","og_image":[{"width":2046,"height":2046,"url":"https:\/\/rgrpluss.lv\/wp-content\/uploads\/2026\/04\/1.jpg","type":"image\/jpeg"}],"twitter_card":"summary_large_image","schema":{"@context":"https:\/\/schema.org","@graph":[{"@type":"WebPage","@id":"https:\/\/rgrpluss.lv\/ru\/product\/%d1%81%d0%ba%d0%b0%d0%bc%d0%b5%d0%b9%d0%ba%d0%b0-%d0%bf%d0%b0%d1%80%d0%ba%d0%be%d0%b2%d0%b0%d1%8f-sm-6-2-kopija\/","url":"https:\/\/rgrpluss.lv\/ru\/product\/%d1%81%d0%ba%d0%b0%d0%bc%d0%b5%d0%b9%d0%ba%d0%b0-%d0%bf%d0%b0%d1%80%d0%ba%d0%be%d0%b2%d0%b0%d1%8f-sm-6-2-kopija\/","name":"\u0421\u043a\u0430\u043c\u0435\u0439\u043a\u0430 \u043f\u0430\u0440\u043a\u043e\u0432\u0430\u044f SM-6.3 - RGR pluss","isPartOf":{"@id":"http:\/\/rgrpluss.lv\/ru\/#website"},"primaryImageOfPage":{"@id":"https:\/\/rgrpluss.lv\/ru\/product\/%d1%81%d0%ba%d0%b0%d0%bc%d0%b5%d0%b9%d0%ba%d0%b0-%d0%bf%d0%b0%d1%80%d0%ba%d0%be%d0%b2%d0%b0%d1%8f-sm-6-2-kopija\/#primaryimage"},"image":{"@id":"https:\/\/rgrpluss.lv\/ru\/product\/%d1%81%d0%ba%d0%b0%d0%bc%d0%b5%d0%b9%d0%ba%d0%b0-%d0%bf%d0%b0%d1%80%d0%ba%d0%be%d0%b2%d0%b0%d1%8f-sm-6-2-kopija\/#primaryimage"},"thumbnailUrl":"https:\/\/rgrpluss.lv\/wp-content\/uploads\/2026\/04\/1.jpg","datePublished":"2026-04-30T17:24:19+00:00","dateModified":"2026-04-30T17:33:28+00:00","breadcrumb":{"@id":"https:\/\/rgrpluss.lv\/ru\/product\/%d1%81%d0%ba%d0%b0%d0%bc%d0%b5%d0%b9%d0%ba%d0%b0-%d0%bf%d0%b0%d1%80%d0%ba%d0%be%d0%b2%d0%b0%d1%8f-sm-6-2-kopija\/#breadcrumb"},"inLanguage":"ru-RU","potentialAction":[{"@type":"ReadAction","target":["https:\/\/rgrpluss.lv\/ru\/product\/%d1%81%d0%ba%d0%b0%d0%bc%d0%b5%d0%b9%d0%ba%d0%b0-%d0%bf%d0%b0%d1%80%d0%ba%d0%be%d0%b2%d0%b0%d1%8f-sm-6-2-kopija\/"]}]},{"@type":"ImageObject","inLanguage":"ru-RU","@id":"https:\/\/rgrpluss.lv\/ru\/product\/%d1%81%d0%ba%d0%b0%d0%bc%d0%b5%d0%b9%d0%ba%d0%b0-%d0%bf%d0%b0%d1%80%d0%ba%d0%be%d0%b2%d0%b0%d1%8f-sm-6-2-kopija\/#primaryimage","url":"https:\/\/rgrpluss.lv\/wp-content\/uploads\/2026\/04\/1.jpg","contentUrl":"https:\/\/rgrpluss.lv\/wp-content\/uploads\/2026\/04\/1.jpg","width":2046,"height":2046},{"@type":"BreadcrumbList","@id":"https:\/\/rgrpluss.lv\/ru\/product\/%d1%81%d0%ba%d0%b0%d0%bc%d0%b5%d0%b9%d0%ba%d0%b0-%d0%bf%d0%b0%d1%80%d0%ba%d0%be%d0%b2%d0%b0%d1%8f-sm-6-2-kopija\/#breadcrumb","itemListElement":[{"@type":"ListItem","position":1,"name":"\u0413\u043b\u0430\u0432\u043d\u0430\u044f \u0441\u0442\u0440\u0430\u043d\u0438\u0446\u0430","item":"https:\/\/rgrpluss.lv\/ru\/"},{"@type":"ListItem","position":2,"name":"\u041c\u0430\u0433\u0430\u0437\u0438\u043d","item":"https:\/\/rgrpluss.lv\/ru\/magazin\/"},{"@type":"ListItem","position":3,"name":"\u0421\u043a\u0430\u043c\u0435\u0439\u043a\u0430 \u043f\u0430\u0440\u043a\u043e\u0432\u0430\u044f SM-6.3"}]},{"@type":"WebSite","@id":"http:\/\/rgrpluss.lv\/ru\/#website","url":"http:\/\/rgrpluss.lv\/ru\/","name":"RGR pluss","description":"RGR Plus interneta veikals","potentialAction":[{"@type":"SearchAction","target":{"@type":"EntryPoint","urlTemplate":"http:\/\/rgrpluss.lv\/ru\/?s={search_term_string}"},"query-input":{"@type":"PropertyValueSpecification","valueRequired":true,"valueName":"search_term_string"}}],"inLanguage":"ru-RU"}]}},"_links":{"self":[{"href":"https:\/\/rgrpluss.lv\/ru\/wp-json\/wp\/v2\/product\/46554","targetHints":{"allow":["GET"]}}],"collection":[{"href":"https:\/\/rgrpluss.lv\/ru\/wp-json\/wp\/v2\/product"}],"about":[{"href":"https:\/\/rgrpluss.lv\/ru\/wp-json\/wp\/v2\/types\/product"}],"wp:featuredmedia":[{"embeddable":true,"href":"https:\/\/rgrpluss.lv\/ru\/wp-json\/wp\/v2\/media\/46558"}],"wp:attachment":[{"href":"https:\/\/rgrpluss.lv\/ru\/wp-json\/wp\/v2\/media?parent=46554"}],"wp:term":[{"taxonomy":"product_brand","embeddable":true,"href":"https:\/\/rgrpluss.lv\/ru\/wp-json\/wp\/v2\/product_brand?post=46554"},{"taxonomy":"product_cat","embeddable":true,"href":"https:\/\/rgrpluss.lv\/ru\/wp-json\/wp\/v2\/product_cat?post=46554"},{"taxonomy":"product_tag","embeddable":true,"href":"https:\/\/rgrpluss.lv\/ru\/wp-json\/wp\/v2\/product_tag?post=46554"}],"curies":[{"name":"wp","href":"https:\/\/api.w.org\/{rel}","templated":true}]}}