{"id":45467,"date":"2026-01-30T04:36:59","date_gmt":"2026-01-30T04:36:59","guid":{"rendered":"https:\/\/rgrpluss.lv\/?post_type=product&#038;p=45467"},"modified":"2026-02-09T12:26:10","modified_gmt":"2026-02-09T12:26:10","slug":"%d0%bd%d0%b0%d1%80%d1%83%d0%b6%d0%bd%d1%8b%d0%b5-%d1%81%d1%82%d0%b5%d0%bd%d0%be%d0%b2%d1%8b%d0%b5-%d0%bf%d0%b0%d0%bd%d0%b5%d0%bb%d0%b8-%d0%b8%d0%b7-wpc-silver-grey-kopija","status":"publish","type":"product","link":"https:\/\/rgrpluss.lv\/ru\/product\/%d0%bd%d0%b0%d1%80%d1%83%d0%b6%d0%bd%d1%8b%d0%b5-%d1%81%d1%82%d0%b5%d0%bd%d0%be%d0%b2%d1%8b%d0%b5-%d0%bf%d0%b0%d0%bd%d0%b5%d0%bb%d0%b8-%d0%b8%d0%b7-wpc-silver-grey-kopija\/","title":{"rendered":"\u041d\u0430\u0440\u0443\u0436\u043d\u044b\u0435 \u0441\u0442\u0435\u043d\u043e\u0432\u044b\u0435 \u043f\u0430\u043d\u0435\u043b\u0438 \u0438\u0437 WPC Light Grey"},"content":{"rendered":"","protected":false},"excerpt":{"rendered":"<div style=\"\n  margin-bottom:6px;\n  display:inline-flex;\n  align-items:center;\n  font-weight:600;\n  color:#8F0000;\n\"><br \/>\n  <svg class=\"rgr-clock\"\n       xmlns=\"http:\/\/www.w3.org\/2000\/svg\"\n       width=\"16\" height=\"16\" viewBox=\"0 0 24 24\"\n       aria-hidden=\"true\"\n       style=\"margin-right:8px; vertical-align:middle; flex:0 0 auto;\">\n    <circle cx=\"12\" cy=\"12\" r=\"9\"\n            fill=\"none\"\n            stroke=\"currentColor\"\n            stroke-width=\"1.8\"\/>\n    <path d=\"M12 7v5l3 2\"\n          fill=\"none\"\n          stroke=\"currentColor\"\n          stroke-width=\"1.8\"\n          stroke-linecap=\"round\"\n          stroke-linejoin=\"round\"\/>\n  <\/svg><br \/>\n  <span>Ir noliktav\u0101<\/span>\n<\/div>\n<p><a href=\"https:\/\/rgrpluss.lv\/wp-content\/uploads\/2026\/01\/Catalog.pdf\"\n   target=\"_blank\"\n   rel=\"noopener noreferrer\"\n   class=\"rgr-datalapa-btn\"\n   style=\"display:inline-block;\"><br \/>\n  <img loading=\"lazy\" decoding=\"async\" src=\"https:\/\/rgrpluss.lv\/wp-content\/uploads\/2026\/01\/KATALOGS.svg\"\n       alt=\"Datu lapa (WPC)\"\n       width=\"200\"\n       height=\"18\"\n       style=\"transition:transform 0.25s ease, filter 0.25s ease;\"\n       onmouseover=\"this.style.transform='translateY(-2px) scale(1.04)'; this.style.filter='brightness(1.15)';\"\n       onmouseout=\"this.style.transform='none'; this.style.filter='none';\"\n  \/><br \/>\n<\/a><\/p>\n<style>\n\/* Mirgo\u0161ana pogai *\/\n@keyframes rgrPulseStrong {\n  0%   { opacity: 1;   transform: scale(1); }\n  50%  { opacity: .15; transform: scale(1.06); }\n  100% { opacity: 1;   transform: scale(1); }\n}\n.rgr-datalapa-btn{\n  animation: rgrPulseStrong 2.5s ease-in-out infinite;\n  will-change: opacity, transform;\n}<\/p>\n<p>\/* Pulksten\u012btim strauj\u0101ka mirgo\u0161ana *\/\n@keyframes rgrClockTint {\n  0%   { color:#8F0000; opacity:1;   transform:translateY(0); }\n  50%  { color:#C13A2A; opacity:.25; transform:translateY(-1px); }\n  100% { color:#8F0000; opacity:1;   transform:translateY(0); }\n}\n.rgr-clock{\n  animation: rgrClockTint 0.7s ease-in-out infinite; \/* bija 1.4s *\/\n  will-change: opacity, transform, color;\n}\n<\/style>\n<li>WPC \u0101ra panelis 30\u00d7172\u00d72000 mm ir iztur\u012bgs koka\u2013plastmasas kompoz\u012btmateri\u0101la apdares risin\u0101jums \u017eogiem, v\u0101rtiem un fas\u0101d\u0113m. Tas neuzs\u016bc mitrumu, neplais\u0101 un neprasa regul\u0101ru kr\u0101so\u0161anu. Rievot\u0101 virsma dod modernu \u201clamelu\u201d efektu un vienm\u0113r\u012bgu, stabilu izskatu ilgtermi\u0146\u0101.\n<li>Biezums: 30 mm\n<li>Platums: 172mm\n<li>Garums: 2000 mm<br \/>\n","protected":false},"featured_media":45558,"template":"","meta":{"_acf_changed":false},"product_brand":[],"product_cat":[550],"product_tag":[],"class_list":{"0":"post-45467","1":"product","2":"type-product","3":"status-publish","4":"has-post-thumbnail","6":"product_cat-----wpc","7":"tm-no-options","9":"first","10":"instock","11":"taxable","12":"shipping-taxable","13":"purchasable","14":"product-type-simple"},"acf":{"mask":"","text":""},"yoast_head":"<!-- This site is optimized with the Yoast SEO plugin v24.5 - https:\/\/yoast.com\/wordpress\/plugins\/seo\/ -->\n<title>\u041d\u0430\u0440\u0443\u0436\u043d\u044b\u0435 \u0441\u0442\u0435\u043d\u043e\u0432\u044b\u0435 \u043f\u0430\u043d\u0435\u043b\u0438 \u0438\u0437 WPC Light Grey - RGR pluss<\/title>\n<meta name=\"description\" content=\"Dekorat\u012bvs marmora dizaina sienas panelis ar modernu, reljefainu \u0123eometrisku rakstu un zeltainiem akcentiem WPC \u0101ra panelis ar koka fakt\u016bru\" \/>\n<meta name=\"robots\" content=\"index, follow, max-snippet:-1, max-image-preview:large, max-video-preview:-1\" \/>\n<link rel=\"canonical\" href=\"https:\/\/rgrpluss.lv\/ru\/product\/%d0%bd%d0%b0%d1%80%d1%83%d0%b6%d0%bd%d1%8b%d0%b5-%d1%81%d1%82%d0%b5%d0%bd%d0%be%d0%b2%d1%8b%d0%b5-%d0%bf%d0%b0%d0%bd%d0%b5%d0%bb%d0%b8-%d0%b8%d0%b7-wpc-silver-grey-kopija\/\" \/>\n<meta property=\"og:locale\" content=\"ru_RU\" \/>\n<meta property=\"og:type\" content=\"article\" \/>\n<meta property=\"og:title\" content=\"\u041d\u0430\u0440\u0443\u0436\u043d\u044b\u0435 \u0441\u0442\u0435\u043d\u043e\u0432\u044b\u0435 \u043f\u0430\u043d\u0435\u043b\u0438 \u0438\u0437 WPC Light Grey - RGR pluss\" \/>\n<meta property=\"og:description\" content=\"Dekorat\u012bvs marmora dizaina sienas panelis ar modernu, reljefainu \u0123eometrisku rakstu un zeltainiem akcentiem WPC \u0101ra panelis ar koka fakt\u016bru\" \/>\n<meta property=\"og:url\" content=\"https:\/\/rgrpluss.lv\/ru\/product\/%d0%bd%d0%b0%d1%80%d1%83%d0%b6%d0%bd%d1%8b%d0%b5-%d1%81%d1%82%d0%b5%d0%bd%d0%be%d0%b2%d1%8b%d0%b5-%d0%bf%d0%b0%d0%bd%d0%b5%d0%bb%d0%b8-%d0%b8%d0%b7-wpc-silver-grey-kopija\/\" \/>\n<meta property=\"og:site_name\" content=\"RGR pluss\" \/>\n<meta property=\"article:modified_time\" content=\"2026-02-09T12:26:10+00:00\" \/>\n<meta property=\"og:image\" content=\"https:\/\/rgrpluss.lv\/wp-content\/uploads\/2026\/01\/4-2.webp\" \/>\n\t<meta property=\"og:image:width\" content=\"1080\" \/>\n\t<meta property=\"og:image:height\" content=\"1069\" \/>\n\t<meta property=\"og:image:type\" content=\"image\/webp\" \/>\n<meta name=\"twitter:card\" content=\"summary_large_image\" \/>\n<meta name=\"twitter:label1\" content=\"\u041f\u0440\u0438\u043c\u0435\u0440\u043d\u043e\u0435 \u0432\u0440\u0435\u043c\u044f \u0434\u043b\u044f \u0447\u0442\u0435\u043d\u0438\u044f\" \/>\n\t<meta name=\"twitter:data1\" content=\"1 \u043c\u0438\u043d\u0443\u0442\u0430\" \/>\n<script type=\"application\/ld+json\" class=\"yoast-schema-graph\">{\"@context\":\"https:\/\/schema.org\",\"@graph\":[{\"@type\":\"WebPage\",\"@id\":\"https:\/\/rgrpluss.lv\/ru\/product\/%d0%bd%d0%b0%d1%80%d1%83%d0%b6%d0%bd%d1%8b%d0%b5-%d1%81%d1%82%d0%b5%d0%bd%d0%be%d0%b2%d1%8b%d0%b5-%d0%bf%d0%b0%d0%bd%d0%b5%d0%bb%d0%b8-%d0%b8%d0%b7-wpc-silver-grey-kopija\/\",\"url\":\"https:\/\/rgrpluss.lv\/ru\/product\/%d0%bd%d0%b0%d1%80%d1%83%d0%b6%d0%bd%d1%8b%d0%b5-%d1%81%d1%82%d0%b5%d0%bd%d0%be%d0%b2%d1%8b%d0%b5-%d0%bf%d0%b0%d0%bd%d0%b5%d0%bb%d0%b8-%d0%b8%d0%b7-wpc-silver-grey-kopija\/\",\"name\":\"\u041d\u0430\u0440\u0443\u0436\u043d\u044b\u0435 \u0441\u0442\u0435\u043d\u043e\u0432\u044b\u0435 \u043f\u0430\u043d\u0435\u043b\u0438 \u0438\u0437 WPC Light Grey - RGR pluss\",\"isPartOf\":{\"@id\":\"http:\/\/rgrpluss.lv\/ru\/#website\"},\"primaryImageOfPage\":{\"@id\":\"https:\/\/rgrpluss.lv\/ru\/product\/%d0%bd%d0%b0%d1%80%d1%83%d0%b6%d0%bd%d1%8b%d0%b5-%d1%81%d1%82%d0%b5%d0%bd%d0%be%d0%b2%d1%8b%d0%b5-%d0%bf%d0%b0%d0%bd%d0%b5%d0%bb%d0%b8-%d0%b8%d0%b7-wpc-silver-grey-kopija\/#primaryimage\"},\"image\":{\"@id\":\"https:\/\/rgrpluss.lv\/ru\/product\/%d0%bd%d0%b0%d1%80%d1%83%d0%b6%d0%bd%d1%8b%d0%b5-%d1%81%d1%82%d0%b5%d0%bd%d0%be%d0%b2%d1%8b%d0%b5-%d0%bf%d0%b0%d0%bd%d0%b5%d0%bb%d0%b8-%d0%b8%d0%b7-wpc-silver-grey-kopija\/#primaryimage\"},\"thumbnailUrl\":\"https:\/\/rgrpluss.lv\/wp-content\/uploads\/2026\/01\/4-2.webp\",\"datePublished\":\"2026-01-30T04:36:59+00:00\",\"dateModified\":\"2026-02-09T12:26:10+00:00\",\"description\":\"Dekorat\u012bvs marmora dizaina sienas panelis ar modernu, reljefainu \u0123eometrisku rakstu un zeltainiem akcentiem WPC \u0101ra panelis ar koka fakt\u016bru\",\"breadcrumb\":{\"@id\":\"https:\/\/rgrpluss.lv\/ru\/product\/%d0%bd%d0%b0%d1%80%d1%83%d0%b6%d0%bd%d1%8b%d0%b5-%d1%81%d1%82%d0%b5%d0%bd%d0%be%d0%b2%d1%8b%d0%b5-%d0%bf%d0%b0%d0%bd%d0%b5%d0%bb%d0%b8-%d0%b8%d0%b7-wpc-silver-grey-kopija\/#breadcrumb\"},\"inLanguage\":\"ru-RU\",\"potentialAction\":[{\"@type\":\"ReadAction\",\"target\":[\"https:\/\/rgrpluss.lv\/ru\/product\/%d0%bd%d0%b0%d1%80%d1%83%d0%b6%d0%bd%d1%8b%d0%b5-%d1%81%d1%82%d0%b5%d0%bd%d0%be%d0%b2%d1%8b%d0%b5-%d0%bf%d0%b0%d0%bd%d0%b5%d0%bb%d0%b8-%d0%b8%d0%b7-wpc-silver-grey-kopija\/\"]}]},{\"@type\":\"ImageObject\",\"inLanguage\":\"ru-RU\",\"@id\":\"https:\/\/rgrpluss.lv\/ru\/product\/%d0%bd%d0%b0%d1%80%d1%83%d0%b6%d0%bd%d1%8b%d0%b5-%d1%81%d1%82%d0%b5%d0%bd%d0%be%d0%b2%d1%8b%d0%b5-%d0%bf%d0%b0%d0%bd%d0%b5%d0%bb%d0%b8-%d0%b8%d0%b7-wpc-silver-grey-kopija\/#primaryimage\",\"url\":\"https:\/\/rgrpluss.lv\/wp-content\/uploads\/2026\/01\/4-2.webp\",\"contentUrl\":\"https:\/\/rgrpluss.lv\/wp-content\/uploads\/2026\/01\/4-2.webp\",\"width\":1080,\"height\":1069},{\"@type\":\"BreadcrumbList\",\"@id\":\"https:\/\/rgrpluss.lv\/ru\/product\/%d0%bd%d0%b0%d1%80%d1%83%d0%b6%d0%bd%d1%8b%d0%b5-%d1%81%d1%82%d0%b5%d0%bd%d0%be%d0%b2%d1%8b%d0%b5-%d0%bf%d0%b0%d0%bd%d0%b5%d0%bb%d0%b8-%d0%b8%d0%b7-wpc-silver-grey-kopija\/#breadcrumb\",\"itemListElement\":[{\"@type\":\"ListItem\",\"position\":1,\"name\":\"\u0413\u043b\u0430\u0432\u043d\u0430\u044f \u0441\u0442\u0440\u0430\u043d\u0438\u0446\u0430\",\"item\":\"https:\/\/rgrpluss.lv\/ru\/\"},{\"@type\":\"ListItem\",\"position\":2,\"name\":\"\u041c\u0430\u0433\u0430\u0437\u0438\u043d\",\"item\":\"https:\/\/rgrpluss.lv\/ru\/magazin\/\"},{\"@type\":\"ListItem\",\"position\":3,\"name\":\"\u041d\u0430\u0440\u0443\u0436\u043d\u044b\u0435 \u0441\u0442\u0435\u043d\u043e\u0432\u044b\u0435 \u043f\u0430\u043d\u0435\u043b\u0438 \u0438\u0437 WPC Light Grey\"}]},{\"@type\":\"WebSite\",\"@id\":\"http:\/\/rgrpluss.lv\/ru\/#website\",\"url\":\"http:\/\/rgrpluss.lv\/ru\/\",\"name\":\"RGR pluss\",\"description\":\"RGR Plus interneta veikals\",\"potentialAction\":[{\"@type\":\"SearchAction\",\"target\":{\"@type\":\"EntryPoint\",\"urlTemplate\":\"http:\/\/rgrpluss.lv\/ru\/?s={search_term_string}\"},\"query-input\":{\"@type\":\"PropertyValueSpecification\",\"valueRequired\":true,\"valueName\":\"search_term_string\"}}],\"inLanguage\":\"ru-RU\"}]}<\/script>\n<!-- \/ Yoast SEO plugin. -->","yoast_head_json":{"title":"\u041d\u0430\u0440\u0443\u0436\u043d\u044b\u0435 \u0441\u0442\u0435\u043d\u043e\u0432\u044b\u0435 \u043f\u0430\u043d\u0435\u043b\u0438 \u0438\u0437 WPC Light Grey - RGR pluss","description":"Dekorat\u012bvs marmora dizaina sienas panelis ar modernu, reljefainu \u0123eometrisku rakstu un zeltainiem akcentiem WPC \u0101ra panelis ar koka fakt\u016bru","robots":{"index":"index","follow":"follow","max-snippet":"max-snippet:-1","max-image-preview":"max-image-preview:large","max-video-preview":"max-video-preview:-1"},"canonical":"https:\/\/rgrpluss.lv\/ru\/product\/%d0%bd%d0%b0%d1%80%d1%83%d0%b6%d0%bd%d1%8b%d0%b5-%d1%81%d1%82%d0%b5%d0%bd%d0%be%d0%b2%d1%8b%d0%b5-%d0%bf%d0%b0%d0%bd%d0%b5%d0%bb%d0%b8-%d0%b8%d0%b7-wpc-silver-grey-kopija\/","og_locale":"ru_RU","og_type":"article","og_title":"\u041d\u0430\u0440\u0443\u0436\u043d\u044b\u0435 \u0441\u0442\u0435\u043d\u043e\u0432\u044b\u0435 \u043f\u0430\u043d\u0435\u043b\u0438 \u0438\u0437 WPC Light Grey - RGR pluss","og_description":"Dekorat\u012bvs marmora dizaina sienas panelis ar modernu, reljefainu \u0123eometrisku rakstu un zeltainiem akcentiem WPC \u0101ra panelis ar koka fakt\u016bru","og_url":"https:\/\/rgrpluss.lv\/ru\/product\/%d0%bd%d0%b0%d1%80%d1%83%d0%b6%d0%bd%d1%8b%d0%b5-%d1%81%d1%82%d0%b5%d0%bd%d0%be%d0%b2%d1%8b%d0%b5-%d0%bf%d0%b0%d0%bd%d0%b5%d0%bb%d0%b8-%d0%b8%d0%b7-wpc-silver-grey-kopija\/","og_site_name":"RGR pluss","article_modified_time":"2026-02-09T12:26:10+00:00","og_image":[{"width":1080,"height":1069,"url":"https:\/\/rgrpluss.lv\/wp-content\/uploads\/2026\/01\/4-2.webp","type":"image\/webp"}],"twitter_card":"summary_large_image","twitter_misc":{"\u041f\u0440\u0438\u043c\u0435\u0440\u043d\u043e\u0435 \u0432\u0440\u0435\u043c\u044f \u0434\u043b\u044f \u0447\u0442\u0435\u043d\u0438\u044f":"1 \u043c\u0438\u043d\u0443\u0442\u0430"},"schema":{"@context":"https:\/\/schema.org","@graph":[{"@type":"WebPage","@id":"https:\/\/rgrpluss.lv\/ru\/product\/%d0%bd%d0%b0%d1%80%d1%83%d0%b6%d0%bd%d1%8b%d0%b5-%d1%81%d1%82%d0%b5%d0%bd%d0%be%d0%b2%d1%8b%d0%b5-%d0%bf%d0%b0%d0%bd%d0%b5%d0%bb%d0%b8-%d0%b8%d0%b7-wpc-silver-grey-kopija\/","url":"https:\/\/rgrpluss.lv\/ru\/product\/%d0%bd%d0%b0%d1%80%d1%83%d0%b6%d0%bd%d1%8b%d0%b5-%d1%81%d1%82%d0%b5%d0%bd%d0%be%d0%b2%d1%8b%d0%b5-%d0%bf%d0%b0%d0%bd%d0%b5%d0%bb%d0%b8-%d0%b8%d0%b7-wpc-silver-grey-kopija\/","name":"\u041d\u0430\u0440\u0443\u0436\u043d\u044b\u0435 \u0441\u0442\u0435\u043d\u043e\u0432\u044b\u0435 \u043f\u0430\u043d\u0435\u043b\u0438 \u0438\u0437 WPC Light Grey - RGR pluss","isPartOf":{"@id":"http:\/\/rgrpluss.lv\/ru\/#website"},"primaryImageOfPage":{"@id":"https:\/\/rgrpluss.lv\/ru\/product\/%d0%bd%d0%b0%d1%80%d1%83%d0%b6%d0%bd%d1%8b%d0%b5-%d1%81%d1%82%d0%b5%d0%bd%d0%be%d0%b2%d1%8b%d0%b5-%d0%bf%d0%b0%d0%bd%d0%b5%d0%bb%d0%b8-%d0%b8%d0%b7-wpc-silver-grey-kopija\/#primaryimage"},"image":{"@id":"https:\/\/rgrpluss.lv\/ru\/product\/%d0%bd%d0%b0%d1%80%d1%83%d0%b6%d0%bd%d1%8b%d0%b5-%d1%81%d1%82%d0%b5%d0%bd%d0%be%d0%b2%d1%8b%d0%b5-%d0%bf%d0%b0%d0%bd%d0%b5%d0%bb%d0%b8-%d0%b8%d0%b7-wpc-silver-grey-kopija\/#primaryimage"},"thumbnailUrl":"https:\/\/rgrpluss.lv\/wp-content\/uploads\/2026\/01\/4-2.webp","datePublished":"2026-01-30T04:36:59+00:00","dateModified":"2026-02-09T12:26:10+00:00","description":"Dekorat\u012bvs marmora dizaina sienas panelis ar modernu, reljefainu \u0123eometrisku rakstu un zeltainiem akcentiem WPC \u0101ra panelis ar koka fakt\u016bru","breadcrumb":{"@id":"https:\/\/rgrpluss.lv\/ru\/product\/%d0%bd%d0%b0%d1%80%d1%83%d0%b6%d0%bd%d1%8b%d0%b5-%d1%81%d1%82%d0%b5%d0%bd%d0%be%d0%b2%d1%8b%d0%b5-%d0%bf%d0%b0%d0%bd%d0%b5%d0%bb%d0%b8-%d0%b8%d0%b7-wpc-silver-grey-kopija\/#breadcrumb"},"inLanguage":"ru-RU","potentialAction":[{"@type":"ReadAction","target":["https:\/\/rgrpluss.lv\/ru\/product\/%d0%bd%d0%b0%d1%80%d1%83%d0%b6%d0%bd%d1%8b%d0%b5-%d1%81%d1%82%d0%b5%d0%bd%d0%be%d0%b2%d1%8b%d0%b5-%d0%bf%d0%b0%d0%bd%d0%b5%d0%bb%d0%b8-%d0%b8%d0%b7-wpc-silver-grey-kopija\/"]}]},{"@type":"ImageObject","inLanguage":"ru-RU","@id":"https:\/\/rgrpluss.lv\/ru\/product\/%d0%bd%d0%b0%d1%80%d1%83%d0%b6%d0%bd%d1%8b%d0%b5-%d1%81%d1%82%d0%b5%d0%bd%d0%be%d0%b2%d1%8b%d0%b5-%d0%bf%d0%b0%d0%bd%d0%b5%d0%bb%d0%b8-%d0%b8%d0%b7-wpc-silver-grey-kopija\/#primaryimage","url":"https:\/\/rgrpluss.lv\/wp-content\/uploads\/2026\/01\/4-2.webp","contentUrl":"https:\/\/rgrpluss.lv\/wp-content\/uploads\/2026\/01\/4-2.webp","width":1080,"height":1069},{"@type":"BreadcrumbList","@id":"https:\/\/rgrpluss.lv\/ru\/product\/%d0%bd%d0%b0%d1%80%d1%83%d0%b6%d0%bd%d1%8b%d0%b5-%d1%81%d1%82%d0%b5%d0%bd%d0%be%d0%b2%d1%8b%d0%b5-%d0%bf%d0%b0%d0%bd%d0%b5%d0%bb%d0%b8-%d0%b8%d0%b7-wpc-silver-grey-kopija\/#breadcrumb","itemListElement":[{"@type":"ListItem","position":1,"name":"\u0413\u043b\u0430\u0432\u043d\u0430\u044f \u0441\u0442\u0440\u0430\u043d\u0438\u0446\u0430","item":"https:\/\/rgrpluss.lv\/ru\/"},{"@type":"ListItem","position":2,"name":"\u041c\u0430\u0433\u0430\u0437\u0438\u043d","item":"https:\/\/rgrpluss.lv\/ru\/magazin\/"},{"@type":"ListItem","position":3,"name":"\u041d\u0430\u0440\u0443\u0436\u043d\u044b\u0435 \u0441\u0442\u0435\u043d\u043e\u0432\u044b\u0435 \u043f\u0430\u043d\u0435\u043b\u0438 \u0438\u0437 WPC Light Grey"}]},{"@type":"WebSite","@id":"http:\/\/rgrpluss.lv\/ru\/#website","url":"http:\/\/rgrpluss.lv\/ru\/","name":"RGR pluss","description":"RGR Plus interneta veikals","potentialAction":[{"@type":"SearchAction","target":{"@type":"EntryPoint","urlTemplate":"http:\/\/rgrpluss.lv\/ru\/?s={search_term_string}"},"query-input":{"@type":"PropertyValueSpecification","valueRequired":true,"valueName":"search_term_string"}}],"inLanguage":"ru-RU"}]}},"_links":{"self":[{"href":"https:\/\/rgrpluss.lv\/ru\/wp-json\/wp\/v2\/product\/45467","targetHints":{"allow":["GET"]}}],"collection":[{"href":"https:\/\/rgrpluss.lv\/ru\/wp-json\/wp\/v2\/product"}],"about":[{"href":"https:\/\/rgrpluss.lv\/ru\/wp-json\/wp\/v2\/types\/product"}],"wp:featuredmedia":[{"embeddable":true,"href":"https:\/\/rgrpluss.lv\/ru\/wp-json\/wp\/v2\/media\/45558"}],"wp:attachment":[{"href":"https:\/\/rgrpluss.lv\/ru\/wp-json\/wp\/v2\/media?parent=45467"}],"wp:term":[{"taxonomy":"product_brand","embeddable":true,"href":"https:\/\/rgrpluss.lv\/ru\/wp-json\/wp\/v2\/product_brand?post=45467"},{"taxonomy":"product_cat","embeddable":true,"href":"https:\/\/rgrpluss.lv\/ru\/wp-json\/wp\/v2\/product_cat?post=45467"},{"taxonomy":"product_tag","embeddable":true,"href":"https:\/\/rgrpluss.lv\/ru\/wp-json\/wp\/v2\/product_tag?post=45467"}],"curies":[{"name":"wp","href":"https:\/\/api.w.org\/{rel}","templated":true}]}}