{"id":45058,"date":"2026-01-29T02:35:29","date_gmt":"2026-01-29T02:35:30","guid":{"rendered":"https:\/\/rgrpluss.lv\/?post_type=product&#038;p=45058"},"modified":"2026-01-29T05:49:21","modified_gmt":"2026-01-29T05:49:21","slug":"%d0%bc%d1%80%d0%b0%d0%bc%d0%be%d1%80%d0%bd%d0%b0%d1%8f-%d0%bf%d0%b0%d0%bd%d0%b5%d0%bb%d1%8c-rgr-24247-kopija","status":"publish","type":"product","link":"https:\/\/rgrpluss.lv\/ru\/product\/%d0%bc%d1%80%d0%b0%d0%bc%d0%be%d1%80%d0%bd%d0%b0%d1%8f-%d0%bf%d0%b0%d0%bd%d0%b5%d0%bb%d1%8c-rgr-24247-kopija\/","title":{"rendered":"\u041c\u0440\u0430\u043c\u043e\u0440\u043d\u0430\u044f \u0441\u0442\u0435\u043d\u043e\u0432\u0430\u044f \u043f\u0430\u043d\u0435\u043b\u044c RGR-24247X"},"content":{"rendered":"","protected":false},"excerpt":{"rendered":"<div style=\"\n  margin-bottom:6px;\n  display:inline-flex;\n  align-items:center;\n  font-weight:600;\n  color:#8F0000;\n\"><br \/>\n  <svg class=\"rgr-clock\"\n       xmlns=\"http:\/\/www.w3.org\/2000\/svg\"\n       width=\"16\" height=\"16\" viewBox=\"0 0 24 24\"\n       aria-hidden=\"true\"\n       style=\"margin-right:8px; vertical-align:middle; flex:0 0 auto;\">\n    <circle cx=\"12\" cy=\"12\" r=\"9\"\n            fill=\"none\"\n            stroke=\"currentColor\"\n            stroke-width=\"1.8\"\/>\n    <path d=\"M12 7v5l3 2\"\n          fill=\"none\"\n          stroke=\"currentColor\"\n          stroke-width=\"1.8\"\n          stroke-linecap=\"round\"\n          stroke-linejoin=\"round\"\/>\n  <\/svg><br \/>\n  <span>Ir noliktav\u0101<\/span>\n<\/div>\n<p><a href=\"https:\/\/rgrpluss.lv\/wp-content\/uploads\/2026\/01\/Marble-catalog.pdf\"\n   target=\"_blank\"\n   rel=\"noopener noreferrer\"\n   class=\"rgr-datalapa-btn\"\n   style=\"display:inline-block;\"><br \/>\n  <img loading=\"lazy\" decoding=\"async\" src=\"https:\/\/rgrpluss.lv\/wp-content\/uploads\/2026\/01\/KATALOGS.svg\"\n       alt=\"Datu lapa (WPC)\"\n       width=\"200\"\n       height=\"18\"\n       style=\"transition:transform 0.25s ease, filter 0.25s ease;\"\n       onmouseover=\"this.style.transform='translateY(-2px) scale(1.04)'; this.style.filter='brightness(1.15)';\"\n       onmouseout=\"this.style.transform='none'; this.style.filter='none';\"\n  \/><br \/>\n<\/a><\/p>\n<style>\n\/* Mirgo\u0161ana pogai *\/\n@keyframes rgrPulseStrong {\n  0%   { opacity: 1;   transform: scale(1); }\n  50%  { opacity: .15; transform: scale(1.06); }\n  100% { opacity: 1;   transform: scale(1); }\n}\n.rgr-datalapa-btn{\n  animation: rgrPulseStrong 2.5s ease-in-out infinite;\n  will-change: opacity, transform;\n}<\/p>\n<p>\/* Pulksten\u012btim strauj\u0101ka mirgo\u0161ana *\/\n@keyframes rgrClockTint {\n  0%   { color:#8F0000; opacity:1;   transform:translateY(0); }\n  50%  { color:#C13A2A; opacity:.25; transform:translateY(-1px); }\n  100% { color:#8F0000; opacity:1;   transform:translateY(0); }\n}\n.rgr-clock{\n  animation: rgrClockTint 0.7s ease-in-out infinite; \/* bija 1.4s *\/\n  will-change: opacity, transform, color;\n}\n<\/style>\n<li>Marmora sienas panelis ar izteiksm\u012bgu pel\u0113ki balta akmens rakstu un smalkiem zelt\u012btiem dz\u012bslu akcentiem \u2013 elegants risin\u0101jums akcenta sienai modern\u0101 interjer\u0101. Lielais form\u0101ts 1220 \u00d7 2900 mm \u013cauj pan\u0101kt viengabalainu, vizu\u0101li \u201ct\u012bru\u201d rezult\u0101tu, bet 2 mm biezums padara paneli pl\u0101nu un neuzkr\u012bto\u0161u mont\u0101\u017e\u0101. Piem\u0113rots viesistab\u0101m, gu\u013camistab\u0101m, birojiem, recepcij\u0101m un cit\u0101m iek\u0161telp\u0101m, kur vajag greznu \u201cmarmora\u201d efektu bez smagas apdares.\n<li>Izm\u0113rs: 1220 \u00d7 2900 mm\n<li>Biezums: 2 mm<br \/>\n","protected":false},"featured_media":45158,"template":"","meta":{"_acf_changed":false},"product_brand":[],"product_cat":[551],"product_tag":[],"class_list":{"0":"post-45058","1":"product","2":"type-product","3":"status-publish","4":"has-post-thumbnail","6":"product_cat-551","7":"tm-no-options","9":"first","10":"instock","11":"taxable","12":"shipping-taxable","13":"purchasable","14":"product-type-simple"},"acf":{"mask":"","text":""},"yoast_head":"<!-- This site is optimized with the Yoast SEO plugin v24.5 - https:\/\/yoast.com\/wordpress\/plugins\/seo\/ -->\n<title>\u041c\u0440\u0430\u043c\u043e\u0440\u043d\u0430\u044f \u0441\u0442\u0435\u043d\u043e\u0432\u0430\u044f \u043f\u0430\u043d\u0435\u043b\u044c RGR-24247X - RGR pluss<\/title>\n<meta name=\"robots\" content=\"index, follow, max-snippet:-1, max-image-preview:large, max-video-preview:-1\" \/>\n<link rel=\"canonical\" href=\"https:\/\/rgrpluss.lv\/ru\/product\/%d0%bc%d1%80%d0%b0%d0%bc%d0%be%d1%80%d0%bd%d0%b0%d1%8f-%d0%bf%d0%b0%d0%bd%d0%b5%d0%bb%d1%8c-rgr-24247-kopija\/\" \/>\n<meta property=\"og:locale\" content=\"ru_RU\" \/>\n<meta property=\"og:type\" content=\"article\" \/>\n<meta property=\"og:title\" content=\"\u041c\u0440\u0430\u043c\u043e\u0440\u043d\u0430\u044f \u0441\u0442\u0435\u043d\u043e\u0432\u0430\u044f \u043f\u0430\u043d\u0435\u043b\u044c RGR-24247X - RGR pluss\" \/>\n<meta property=\"og:description\" content=\"Ir noliktav\u0101       Marmora sienas panelis ar izteiksm\u012bgu pel\u0113ki balta akmens rakstu un smalkiem zelt\u012btiem dz\u012bslu akcentiem \u2013 elegants risin\u0101jums akcenta sienai modern\u0101 interjer\u0101. Lielais form\u0101ts 1220 \u00d7 2900 mm \u013cauj pan\u0101kt viengabalainu, vizu\u0101li \u201ct\u012bru\u201d rezult\u0101tu, bet 2 mm biezums padara paneli pl\u0101nu un neuzkr\u012bto\u0161u mont\u0101\u017e\u0101. Piem\u0113rots viesistab\u0101m, gu\u013camistab\u0101m, birojiem, recepcij\u0101m un cit\u0101m iek\u0161telp\u0101m, kur vajag greznu \u201cmarmora\u201d efektu bez smagas apdares. Izm\u0113rs: 1220 \u00d7 2900 mm Biezums: 2 mm\" \/>\n<meta property=\"og:url\" content=\"https:\/\/rgrpluss.lv\/ru\/product\/%d0%bc%d1%80%d0%b0%d0%bc%d0%be%d1%80%d0%bd%d0%b0%d1%8f-%d0%bf%d0%b0%d0%bd%d0%b5%d0%bb%d1%8c-rgr-24247-kopija\/\" \/>\n<meta property=\"og:site_name\" content=\"RGR pluss\" \/>\n<meta property=\"article:modified_time\" content=\"2026-01-29T05:49:21+00:00\" \/>\n<meta property=\"og:image\" content=\"https:\/\/rgrpluss.lv\/wp-content\/uploads\/2026\/01\/RGR-24247X-1.webp\" \/>\n\t<meta property=\"og:image:width\" content=\"2544\" \/>\n\t<meta property=\"og:image:height\" content=\"2560\" \/>\n\t<meta property=\"og:image:type\" content=\"image\/webp\" \/>\n<meta name=\"twitter:card\" content=\"summary_large_image\" \/>\n<meta name=\"twitter:label1\" content=\"\u041f\u0440\u0438\u043c\u0435\u0440\u043d\u043e\u0435 \u0432\u0440\u0435\u043c\u044f \u0434\u043b\u044f \u0447\u0442\u0435\u043d\u0438\u044f\" \/>\n\t<meta name=\"twitter:data1\" content=\"1 \u043c\u0438\u043d\u0443\u0442\u0430\" \/>\n<script type=\"application\/ld+json\" class=\"yoast-schema-graph\">{\"@context\":\"https:\/\/schema.org\",\"@graph\":[{\"@type\":\"WebPage\",\"@id\":\"https:\/\/rgrpluss.lv\/ru\/product\/%d0%bc%d1%80%d0%b0%d0%bc%d0%be%d1%80%d0%bd%d0%b0%d1%8f-%d0%bf%d0%b0%d0%bd%d0%b5%d0%bb%d1%8c-rgr-24247-kopija\/\",\"url\":\"https:\/\/rgrpluss.lv\/ru\/product\/%d0%bc%d1%80%d0%b0%d0%bc%d0%be%d1%80%d0%bd%d0%b0%d1%8f-%d0%bf%d0%b0%d0%bd%d0%b5%d0%bb%d1%8c-rgr-24247-kopija\/\",\"name\":\"\u041c\u0440\u0430\u043c\u043e\u0440\u043d\u0430\u044f \u0441\u0442\u0435\u043d\u043e\u0432\u0430\u044f \u043f\u0430\u043d\u0435\u043b\u044c RGR-24247X - RGR pluss\",\"isPartOf\":{\"@id\":\"http:\/\/rgrpluss.lv\/ru\/#website\"},\"primaryImageOfPage\":{\"@id\":\"https:\/\/rgrpluss.lv\/ru\/product\/%d0%bc%d1%80%d0%b0%d0%bc%d0%be%d1%80%d0%bd%d0%b0%d1%8f-%d0%bf%d0%b0%d0%bd%d0%b5%d0%bb%d1%8c-rgr-24247-kopija\/#primaryimage\"},\"image\":{\"@id\":\"https:\/\/rgrpluss.lv\/ru\/product\/%d0%bc%d1%80%d0%b0%d0%bc%d0%be%d1%80%d0%bd%d0%b0%d1%8f-%d0%bf%d0%b0%d0%bd%d0%b5%d0%bb%d1%8c-rgr-24247-kopija\/#primaryimage\"},\"thumbnailUrl\":\"https:\/\/rgrpluss.lv\/wp-content\/uploads\/2026\/01\/RGR-24247X-1.webp\",\"datePublished\":\"2026-01-29T02:35:30+00:00\",\"dateModified\":\"2026-01-29T05:49:21+00:00\",\"breadcrumb\":{\"@id\":\"https:\/\/rgrpluss.lv\/ru\/product\/%d0%bc%d1%80%d0%b0%d0%bc%d0%be%d1%80%d0%bd%d0%b0%d1%8f-%d0%bf%d0%b0%d0%bd%d0%b5%d0%bb%d1%8c-rgr-24247-kopija\/#breadcrumb\"},\"inLanguage\":\"ru-RU\",\"potentialAction\":[{\"@type\":\"ReadAction\",\"target\":[\"https:\/\/rgrpluss.lv\/ru\/product\/%d0%bc%d1%80%d0%b0%d0%bc%d0%be%d1%80%d0%bd%d0%b0%d1%8f-%d0%bf%d0%b0%d0%bd%d0%b5%d0%bb%d1%8c-rgr-24247-kopija\/\"]}]},{\"@type\":\"ImageObject\",\"inLanguage\":\"ru-RU\",\"@id\":\"https:\/\/rgrpluss.lv\/ru\/product\/%d0%bc%d1%80%d0%b0%d0%bc%d0%be%d1%80%d0%bd%d0%b0%d1%8f-%d0%bf%d0%b0%d0%bd%d0%b5%d0%bb%d1%8c-rgr-24247-kopija\/#primaryimage\",\"url\":\"https:\/\/rgrpluss.lv\/wp-content\/uploads\/2026\/01\/RGR-24247X-1.webp\",\"contentUrl\":\"https:\/\/rgrpluss.lv\/wp-content\/uploads\/2026\/01\/RGR-24247X-1.webp\",\"width\":2544,\"height\":2560},{\"@type\":\"BreadcrumbList\",\"@id\":\"https:\/\/rgrpluss.lv\/ru\/product\/%d0%bc%d1%80%d0%b0%d0%bc%d0%be%d1%80%d0%bd%d0%b0%d1%8f-%d0%bf%d0%b0%d0%bd%d0%b5%d0%bb%d1%8c-rgr-24247-kopija\/#breadcrumb\",\"itemListElement\":[{\"@type\":\"ListItem\",\"position\":1,\"name\":\"\u0413\u043b\u0430\u0432\u043d\u0430\u044f \u0441\u0442\u0440\u0430\u043d\u0438\u0446\u0430\",\"item\":\"https:\/\/rgrpluss.lv\/ru\/\"},{\"@type\":\"ListItem\",\"position\":2,\"name\":\"\u041c\u0430\u0433\u0430\u0437\u0438\u043d\",\"item\":\"https:\/\/rgrpluss.lv\/ru\/magazin\/\"},{\"@type\":\"ListItem\",\"position\":3,\"name\":\"\u041c\u0440\u0430\u043c\u043e\u0440\u043d\u0430\u044f \u0441\u0442\u0435\u043d\u043e\u0432\u0430\u044f \u043f\u0430\u043d\u0435\u043b\u044c RGR-24247X\"}]},{\"@type\":\"WebSite\",\"@id\":\"http:\/\/rgrpluss.lv\/ru\/#website\",\"url\":\"http:\/\/rgrpluss.lv\/ru\/\",\"name\":\"RGR pluss\",\"description\":\"RGR Plus interneta veikals\",\"potentialAction\":[{\"@type\":\"SearchAction\",\"target\":{\"@type\":\"EntryPoint\",\"urlTemplate\":\"http:\/\/rgrpluss.lv\/ru\/?s={search_term_string}\"},\"query-input\":{\"@type\":\"PropertyValueSpecification\",\"valueRequired\":true,\"valueName\":\"search_term_string\"}}],\"inLanguage\":\"ru-RU\"}]}<\/script>\n<!-- \/ Yoast SEO plugin. -->","yoast_head_json":{"title":"\u041c\u0440\u0430\u043c\u043e\u0440\u043d\u0430\u044f \u0441\u0442\u0435\u043d\u043e\u0432\u0430\u044f \u043f\u0430\u043d\u0435\u043b\u044c RGR-24247X - RGR pluss","robots":{"index":"index","follow":"follow","max-snippet":"max-snippet:-1","max-image-preview":"max-image-preview:large","max-video-preview":"max-video-preview:-1"},"canonical":"https:\/\/rgrpluss.lv\/ru\/product\/%d0%bc%d1%80%d0%b0%d0%bc%d0%be%d1%80%d0%bd%d0%b0%d1%8f-%d0%bf%d0%b0%d0%bd%d0%b5%d0%bb%d1%8c-rgr-24247-kopija\/","og_locale":"ru_RU","og_type":"article","og_title":"\u041c\u0440\u0430\u043c\u043e\u0440\u043d\u0430\u044f \u0441\u0442\u0435\u043d\u043e\u0432\u0430\u044f \u043f\u0430\u043d\u0435\u043b\u044c RGR-24247X - RGR pluss","og_description":"Ir noliktav\u0101       Marmora sienas panelis ar izteiksm\u012bgu pel\u0113ki balta akmens rakstu un smalkiem zelt\u012btiem dz\u012bslu akcentiem \u2013 elegants risin\u0101jums akcenta sienai modern\u0101 interjer\u0101. Lielais form\u0101ts 1220 \u00d7 2900 mm \u013cauj pan\u0101kt viengabalainu, vizu\u0101li \u201ct\u012bru\u201d rezult\u0101tu, bet 2 mm biezums padara paneli pl\u0101nu un neuzkr\u012bto\u0161u mont\u0101\u017e\u0101. Piem\u0113rots viesistab\u0101m, gu\u013camistab\u0101m, birojiem, recepcij\u0101m un cit\u0101m iek\u0161telp\u0101m, kur vajag greznu \u201cmarmora\u201d efektu bez smagas apdares. Izm\u0113rs: 1220 \u00d7 2900 mm Biezums: 2 mm","og_url":"https:\/\/rgrpluss.lv\/ru\/product\/%d0%bc%d1%80%d0%b0%d0%bc%d0%be%d1%80%d0%bd%d0%b0%d1%8f-%d0%bf%d0%b0%d0%bd%d0%b5%d0%bb%d1%8c-rgr-24247-kopija\/","og_site_name":"RGR pluss","article_modified_time":"2026-01-29T05:49:21+00:00","og_image":[{"width":2544,"height":2560,"url":"https:\/\/rgrpluss.lv\/wp-content\/uploads\/2026\/01\/RGR-24247X-1.webp","type":"image\/webp"}],"twitter_card":"summary_large_image","twitter_misc":{"\u041f\u0440\u0438\u043c\u0435\u0440\u043d\u043e\u0435 \u0432\u0440\u0435\u043c\u044f \u0434\u043b\u044f \u0447\u0442\u0435\u043d\u0438\u044f":"1 \u043c\u0438\u043d\u0443\u0442\u0430"},"schema":{"@context":"https:\/\/schema.org","@graph":[{"@type":"WebPage","@id":"https:\/\/rgrpluss.lv\/ru\/product\/%d0%bc%d1%80%d0%b0%d0%bc%d0%be%d1%80%d0%bd%d0%b0%d1%8f-%d0%bf%d0%b0%d0%bd%d0%b5%d0%bb%d1%8c-rgr-24247-kopija\/","url":"https:\/\/rgrpluss.lv\/ru\/product\/%d0%bc%d1%80%d0%b0%d0%bc%d0%be%d1%80%d0%bd%d0%b0%d1%8f-%d0%bf%d0%b0%d0%bd%d0%b5%d0%bb%d1%8c-rgr-24247-kopija\/","name":"\u041c\u0440\u0430\u043c\u043e\u0440\u043d\u0430\u044f \u0441\u0442\u0435\u043d\u043e\u0432\u0430\u044f \u043f\u0430\u043d\u0435\u043b\u044c RGR-24247X - RGR pluss","isPartOf":{"@id":"http:\/\/rgrpluss.lv\/ru\/#website"},"primaryImageOfPage":{"@id":"https:\/\/rgrpluss.lv\/ru\/product\/%d0%bc%d1%80%d0%b0%d0%bc%d0%be%d1%80%d0%bd%d0%b0%d1%8f-%d0%bf%d0%b0%d0%bd%d0%b5%d0%bb%d1%8c-rgr-24247-kopija\/#primaryimage"},"image":{"@id":"https:\/\/rgrpluss.lv\/ru\/product\/%d0%bc%d1%80%d0%b0%d0%bc%d0%be%d1%80%d0%bd%d0%b0%d1%8f-%d0%bf%d0%b0%d0%bd%d0%b5%d0%bb%d1%8c-rgr-24247-kopija\/#primaryimage"},"thumbnailUrl":"https:\/\/rgrpluss.lv\/wp-content\/uploads\/2026\/01\/RGR-24247X-1.webp","datePublished":"2026-01-29T02:35:30+00:00","dateModified":"2026-01-29T05:49:21+00:00","breadcrumb":{"@id":"https:\/\/rgrpluss.lv\/ru\/product\/%d0%bc%d1%80%d0%b0%d0%bc%d0%be%d1%80%d0%bd%d0%b0%d1%8f-%d0%bf%d0%b0%d0%bd%d0%b5%d0%bb%d1%8c-rgr-24247-kopija\/#breadcrumb"},"inLanguage":"ru-RU","potentialAction":[{"@type":"ReadAction","target":["https:\/\/rgrpluss.lv\/ru\/product\/%d0%bc%d1%80%d0%b0%d0%bc%d0%be%d1%80%d0%bd%d0%b0%d1%8f-%d0%bf%d0%b0%d0%bd%d0%b5%d0%bb%d1%8c-rgr-24247-kopija\/"]}]},{"@type":"ImageObject","inLanguage":"ru-RU","@id":"https:\/\/rgrpluss.lv\/ru\/product\/%d0%bc%d1%80%d0%b0%d0%bc%d0%be%d1%80%d0%bd%d0%b0%d1%8f-%d0%bf%d0%b0%d0%bd%d0%b5%d0%bb%d1%8c-rgr-24247-kopija\/#primaryimage","url":"https:\/\/rgrpluss.lv\/wp-content\/uploads\/2026\/01\/RGR-24247X-1.webp","contentUrl":"https:\/\/rgrpluss.lv\/wp-content\/uploads\/2026\/01\/RGR-24247X-1.webp","width":2544,"height":2560},{"@type":"BreadcrumbList","@id":"https:\/\/rgrpluss.lv\/ru\/product\/%d0%bc%d1%80%d0%b0%d0%bc%d0%be%d1%80%d0%bd%d0%b0%d1%8f-%d0%bf%d0%b0%d0%bd%d0%b5%d0%bb%d1%8c-rgr-24247-kopija\/#breadcrumb","itemListElement":[{"@type":"ListItem","position":1,"name":"\u0413\u043b\u0430\u0432\u043d\u0430\u044f \u0441\u0442\u0440\u0430\u043d\u0438\u0446\u0430","item":"https:\/\/rgrpluss.lv\/ru\/"},{"@type":"ListItem","position":2,"name":"\u041c\u0430\u0433\u0430\u0437\u0438\u043d","item":"https:\/\/rgrpluss.lv\/ru\/magazin\/"},{"@type":"ListItem","position":3,"name":"\u041c\u0440\u0430\u043c\u043e\u0440\u043d\u0430\u044f \u0441\u0442\u0435\u043d\u043e\u0432\u0430\u044f \u043f\u0430\u043d\u0435\u043b\u044c RGR-24247X"}]},{"@type":"WebSite","@id":"http:\/\/rgrpluss.lv\/ru\/#website","url":"http:\/\/rgrpluss.lv\/ru\/","name":"RGR pluss","description":"RGR Plus interneta veikals","potentialAction":[{"@type":"SearchAction","target":{"@type":"EntryPoint","urlTemplate":"http:\/\/rgrpluss.lv\/ru\/?s={search_term_string}"},"query-input":{"@type":"PropertyValueSpecification","valueRequired":true,"valueName":"search_term_string"}}],"inLanguage":"ru-RU"}]}},"_links":{"self":[{"href":"https:\/\/rgrpluss.lv\/ru\/wp-json\/wp\/v2\/product\/45058","targetHints":{"allow":["GET"]}}],"collection":[{"href":"https:\/\/rgrpluss.lv\/ru\/wp-json\/wp\/v2\/product"}],"about":[{"href":"https:\/\/rgrpluss.lv\/ru\/wp-json\/wp\/v2\/types\/product"}],"wp:featuredmedia":[{"embeddable":true,"href":"https:\/\/rgrpluss.lv\/ru\/wp-json\/wp\/v2\/media\/45158"}],"wp:attachment":[{"href":"https:\/\/rgrpluss.lv\/ru\/wp-json\/wp\/v2\/media?parent=45058"}],"wp:term":[{"taxonomy":"product_brand","embeddable":true,"href":"https:\/\/rgrpluss.lv\/ru\/wp-json\/wp\/v2\/product_brand?post=45058"},{"taxonomy":"product_cat","embeddable":true,"href":"https:\/\/rgrpluss.lv\/ru\/wp-json\/wp\/v2\/product_cat?post=45058"},{"taxonomy":"product_tag","embeddable":true,"href":"https:\/\/rgrpluss.lv\/ru\/wp-json\/wp\/v2\/product_tag?post=45058"}],"curies":[{"name":"wp","href":"https:\/\/api.w.org\/{rel}","templated":true}]}}