{"id":44839,"date":"2026-01-23T03:31:33","date_gmt":"2026-01-23T03:31:33","guid":{"rendered":"https:\/\/rgrpluss.lv\/?post_type=product&#038;p=44839"},"modified":"2026-01-23T03:38:46","modified_gmt":"2026-01-23T03:38:46","slug":"%d1%83%d1%80%d0%bd%d0%b0-%d0%b4%d0%bb%d1%8f-%d1%81%d0%be%d0%b1%d0%b0%d1%87%d1%8c%d0%b8%d1%85-%d1%8d%d0%ba%d1%81%d0%ba%d1%80%d0%b5%d0%bc%d0%b5%d0%bd%d1%82%d0%be%d0%b2-s-1-kopija-2","status":"publish","type":"product","link":"https:\/\/rgrpluss.lv\/ru\/product\/%d1%83%d1%80%d0%bd%d0%b0-%d0%b4%d0%bb%d1%8f-%d1%81%d0%be%d0%b1%d0%b0%d1%87%d1%8c%d0%b8%d1%85-%d1%8d%d0%ba%d1%81%d0%ba%d1%80%d0%b5%d0%bc%d0%b5%d0%bd%d1%82%d0%be%d0%b2-s-1-kopija-2\/","title":{"rendered":"\u0423\u0440\u043d\u0430 \u0434\u043b\u044f \u0441\u043e\u0431\u0430\u0447\u044c\u0438\u0445 \u044d\u043a\u0441\u043a\u0440\u0435\u043c\u0435\u043d\u0442\u043e\u0432 S-2"},"content":{"rendered":"","protected":false},"excerpt":{"rendered":"<div style=\"\n  margin-bottom:6px;\n  display:inline-flex;\n  align-items:center;\n  font-weight:600;\n  color:#8F0000;\n\"><br \/>\n  <svg class=\"rgr-clock\"\n       xmlns=\"http:\/\/www.w3.org\/2000\/svg\"\n       width=\"16\" height=\"16\" viewBox=\"0 0 24 24\"\n       aria-hidden=\"true\"\n       style=\"margin-right:8px; vertical-align:middle; flex:0 0 auto;\">\n    <circle cx=\"12\" cy=\"12\" r=\"9\"\n            fill=\"none\"\n            stroke=\"currentColor\"\n            stroke-width=\"1.8\"\/>\n    <path d=\"M12 7v5l3 2\"\n          fill=\"none\"\n          stroke=\"currentColor\"\n          stroke-width=\"1.8\"\n          stroke-linecap=\"round\"\n          stroke-linejoin=\"round\"\/>\n  <\/svg><br \/>\n  <span>Ir noliktav\u0101<\/span>\n<\/div>\n<p><a href=\"https:\/\/rgrpluss.lv\/wp-content\/uploads\/2025\/06\/S-2_compressed.pdf\"\n   target=\"_blank\"\n   rel=\"noopener noreferrer\"\n   class=\"rgr-datalapa-btn\"\n   style=\"display:inline-block;\"><br \/>\n  <img loading=\"lazy\" decoding=\"async\" src=\"https:\/\/rgrpluss.lv\/wp-content\/uploads\/2025\/10\/izmeri.svg\"\n       alt=\"Datu lapa (WPC)\"\n       width=\"200\"\n       height=\"18\"\n       style=\"transition:transform 0.25s ease, filter 0.25s ease;\"\n       onmouseover=\"this.style.transform='translateY(-2px) scale(1.04)'; this.style.filter='brightness(1.15)';\"\n       onmouseout=\"this.style.transform='none'; this.style.filter='none';\"\n  \/><br \/>\n<\/a><\/p>\n<style>\n\/* Mirgo\u0161ana pogai *\/\n@keyframes rgrPulseStrong {\n  0%   { opacity: 1;   transform: scale(1); }\n  50%  { opacity: .15; transform: scale(1.06); }\n  100% { opacity: 1;   transform: scale(1); }\n}\n.rgr-datalapa-btn{\n  animation: rgrPulseStrong 2.5s ease-in-out infinite;\n  will-change: opacity, transform;\n}<\/p>\n<p>\/* Pulksten\u012btim strauj\u0101ka mirgo\u0161ana *\/\n@keyframes rgrClockTint {\n  0%   { color:#8F0000; opacity:1;   transform:translateY(0); }\n  50%  { color:#C13A2A; opacity:.25; transform:translateY(-1px); }\n  100% { color:#8F0000; opacity:1;   transform:translateY(0); }\n}\n.rgr-clock{\n  animation: rgrClockTint 0.7s ease-in-out infinite; \/* bija 1.4s *\/\n  will-change: opacity, transform, color;\n}\n<\/style>\n","protected":false},"featured_media":42575,"template":"","meta":{"_acf_changed":false},"product_brand":[],"product_cat":[534],"product_tag":[],"class_list":{"0":"post-44839","1":"product","2":"type-product","3":"status-publish","4":"has-post-thumbnail","6":"product_cat-534","7":"tm-has-options","9":"first","10":"instock","11":"taxable","12":"shipping-taxable","13":"purchasable","14":"product-type-simple"},"acf":{"mask":"","text":""},"yoast_head":"<!-- This site is optimized with the Yoast SEO plugin v24.5 - https:\/\/yoast.com\/wordpress\/plugins\/seo\/ -->\n<title>\u0423\u0440\u043d\u0430 \u0434\u043b\u044f \u0441\u043e\u0431\u0430\u0447\u044c\u0438\u0445 \u044d\u043a\u0441\u043a\u0440\u0435\u043c\u0435\u043d\u0442\u043e\u0432 S-2 - RGR pluss<\/title>\n<meta name=\"robots\" content=\"index, follow, max-snippet:-1, max-image-preview:large, max-video-preview:-1\" \/>\n<link rel=\"canonical\" href=\"https:\/\/rgrpluss.lv\/ru\/product\/%d1%83%d1%80%d0%bd%d0%b0-%d0%b4%d0%bb%d1%8f-%d1%81%d0%be%d0%b1%d0%b0%d1%87%d1%8c%d0%b8%d1%85-%d1%8d%d0%ba%d1%81%d0%ba%d1%80%d0%b5%d0%bc%d0%b5%d0%bd%d1%82%d0%be%d0%b2-s-1-kopija-2\/\" \/>\n<meta property=\"og:locale\" content=\"ru_RU\" \/>\n<meta property=\"og:type\" content=\"article\" \/>\n<meta property=\"og:title\" content=\"\u0423\u0440\u043d\u0430 \u0434\u043b\u044f \u0441\u043e\u0431\u0430\u0447\u044c\u0438\u0445 \u044d\u043a\u0441\u043a\u0440\u0435\u043c\u0435\u043d\u0442\u043e\u0432 S-2 - RGR pluss\" \/>\n<meta property=\"og:description\" content=\"Ir noliktav\u0101\" \/>\n<meta property=\"og:url\" content=\"https:\/\/rgrpluss.lv\/ru\/product\/%d1%83%d1%80%d0%bd%d0%b0-%d0%b4%d0%bb%d1%8f-%d1%81%d0%be%d0%b1%d0%b0%d1%87%d1%8c%d0%b8%d1%85-%d1%8d%d0%ba%d1%81%d0%ba%d1%80%d0%b5%d0%bc%d0%b5%d0%bd%d1%82%d0%be%d0%b2-s-1-kopija-2\/\" \/>\n<meta property=\"og:site_name\" content=\"RGR pluss\" \/>\n<meta property=\"article:modified_time\" content=\"2026-01-23T03:38:46+00:00\" \/>\n<meta property=\"og:image\" content=\"https:\/\/rgrpluss.lv\/wp-content\/uploads\/2025\/06\/3.png.jpg\" \/>\n\t<meta property=\"og:image:width\" content=\"1702\" \/>\n\t<meta property=\"og:image:height\" content=\"1702\" \/>\n\t<meta property=\"og:image:type\" content=\"image\/jpeg\" \/>\n<meta name=\"twitter:card\" content=\"summary_large_image\" \/>\n<meta name=\"twitter:label1\" content=\"\u041f\u0440\u0438\u043c\u0435\u0440\u043d\u043e\u0435 \u0432\u0440\u0435\u043c\u044f \u0434\u043b\u044f \u0447\u0442\u0435\u043d\u0438\u044f\" \/>\n\t<meta name=\"twitter:data1\" content=\"1 \u043c\u0438\u043d\u0443\u0442\u0430\" \/>\n<script type=\"application\/ld+json\" class=\"yoast-schema-graph\">{\"@context\":\"https:\/\/schema.org\",\"@graph\":[{\"@type\":\"WebPage\",\"@id\":\"https:\/\/rgrpluss.lv\/ru\/product\/%d1%83%d1%80%d0%bd%d0%b0-%d0%b4%d0%bb%d1%8f-%d1%81%d0%be%d0%b1%d0%b0%d1%87%d1%8c%d0%b8%d1%85-%d1%8d%d0%ba%d1%81%d0%ba%d1%80%d0%b5%d0%bc%d0%b5%d0%bd%d1%82%d0%be%d0%b2-s-1-kopija-2\/\",\"url\":\"https:\/\/rgrpluss.lv\/ru\/product\/%d1%83%d1%80%d0%bd%d0%b0-%d0%b4%d0%bb%d1%8f-%d1%81%d0%be%d0%b1%d0%b0%d1%87%d1%8c%d0%b8%d1%85-%d1%8d%d0%ba%d1%81%d0%ba%d1%80%d0%b5%d0%bc%d0%b5%d0%bd%d1%82%d0%be%d0%b2-s-1-kopija-2\/\",\"name\":\"\u0423\u0440\u043d\u0430 \u0434\u043b\u044f \u0441\u043e\u0431\u0430\u0447\u044c\u0438\u0445 \u044d\u043a\u0441\u043a\u0440\u0435\u043c\u0435\u043d\u0442\u043e\u0432 S-2 - RGR pluss\",\"isPartOf\":{\"@id\":\"http:\/\/rgrpluss.lv\/ru\/#website\"},\"primaryImageOfPage\":{\"@id\":\"https:\/\/rgrpluss.lv\/ru\/product\/%d1%83%d1%80%d0%bd%d0%b0-%d0%b4%d0%bb%d1%8f-%d1%81%d0%be%d0%b1%d0%b0%d1%87%d1%8c%d0%b8%d1%85-%d1%8d%d0%ba%d1%81%d0%ba%d1%80%d0%b5%d0%bc%d0%b5%d0%bd%d1%82%d0%be%d0%b2-s-1-kopija-2\/#primaryimage\"},\"image\":{\"@id\":\"https:\/\/rgrpluss.lv\/ru\/product\/%d1%83%d1%80%d0%bd%d0%b0-%d0%b4%d0%bb%d1%8f-%d1%81%d0%be%d0%b1%d0%b0%d1%87%d1%8c%d0%b8%d1%85-%d1%8d%d0%ba%d1%81%d0%ba%d1%80%d0%b5%d0%bc%d0%b5%d0%bd%d1%82%d0%be%d0%b2-s-1-kopija-2\/#primaryimage\"},\"thumbnailUrl\":\"https:\/\/rgrpluss.lv\/wp-content\/uploads\/2025\/06\/3.png.jpg\",\"datePublished\":\"2026-01-23T03:31:33+00:00\",\"dateModified\":\"2026-01-23T03:38:46+00:00\",\"breadcrumb\":{\"@id\":\"https:\/\/rgrpluss.lv\/ru\/product\/%d1%83%d1%80%d0%bd%d0%b0-%d0%b4%d0%bb%d1%8f-%d1%81%d0%be%d0%b1%d0%b0%d1%87%d1%8c%d0%b8%d1%85-%d1%8d%d0%ba%d1%81%d0%ba%d1%80%d0%b5%d0%bc%d0%b5%d0%bd%d1%82%d0%be%d0%b2-s-1-kopija-2\/#breadcrumb\"},\"inLanguage\":\"ru-RU\",\"potentialAction\":[{\"@type\":\"ReadAction\",\"target\":[\"https:\/\/rgrpluss.lv\/ru\/product\/%d1%83%d1%80%d0%bd%d0%b0-%d0%b4%d0%bb%d1%8f-%d1%81%d0%be%d0%b1%d0%b0%d1%87%d1%8c%d0%b8%d1%85-%d1%8d%d0%ba%d1%81%d0%ba%d1%80%d0%b5%d0%bc%d0%b5%d0%bd%d1%82%d0%be%d0%b2-s-1-kopija-2\/\"]}]},{\"@type\":\"ImageObject\",\"inLanguage\":\"ru-RU\",\"@id\":\"https:\/\/rgrpluss.lv\/ru\/product\/%d1%83%d1%80%d0%bd%d0%b0-%d0%b4%d0%bb%d1%8f-%d1%81%d0%be%d0%b1%d0%b0%d1%87%d1%8c%d0%b8%d1%85-%d1%8d%d0%ba%d1%81%d0%ba%d1%80%d0%b5%d0%bc%d0%b5%d0%bd%d1%82%d0%be%d0%b2-s-1-kopija-2\/#primaryimage\",\"url\":\"https:\/\/rgrpluss.lv\/wp-content\/uploads\/2025\/06\/3.png.jpg\",\"contentUrl\":\"https:\/\/rgrpluss.lv\/wp-content\/uploads\/2025\/06\/3.png.jpg\",\"width\":1702,\"height\":1702},{\"@type\":\"BreadcrumbList\",\"@id\":\"https:\/\/rgrpluss.lv\/ru\/product\/%d1%83%d1%80%d0%bd%d0%b0-%d0%b4%d0%bb%d1%8f-%d1%81%d0%be%d0%b1%d0%b0%d1%87%d1%8c%d0%b8%d1%85-%d1%8d%d0%ba%d1%81%d0%ba%d1%80%d0%b5%d0%bc%d0%b5%d0%bd%d1%82%d0%be%d0%b2-s-1-kopija-2\/#breadcrumb\",\"itemListElement\":[{\"@type\":\"ListItem\",\"position\":1,\"name\":\"\u0413\u043b\u0430\u0432\u043d\u0430\u044f \u0441\u0442\u0440\u0430\u043d\u0438\u0446\u0430\",\"item\":\"https:\/\/rgrpluss.lv\/ru\/\"},{\"@type\":\"ListItem\",\"position\":2,\"name\":\"\u041c\u0430\u0433\u0430\u0437\u0438\u043d\",\"item\":\"https:\/\/rgrpluss.lv\/ru\/magazin\/\"},{\"@type\":\"ListItem\",\"position\":3,\"name\":\"\u0423\u0440\u043d\u0430 \u0434\u043b\u044f \u0441\u043e\u0431\u0430\u0447\u044c\u0438\u0445 \u044d\u043a\u0441\u043a\u0440\u0435\u043c\u0435\u043d\u0442\u043e\u0432 S-2\"}]},{\"@type\":\"WebSite\",\"@id\":\"http:\/\/rgrpluss.lv\/ru\/#website\",\"url\":\"http:\/\/rgrpluss.lv\/ru\/\",\"name\":\"RGR pluss\",\"description\":\"RGR Plus interneta veikals\",\"potentialAction\":[{\"@type\":\"SearchAction\",\"target\":{\"@type\":\"EntryPoint\",\"urlTemplate\":\"http:\/\/rgrpluss.lv\/ru\/?s={search_term_string}\"},\"query-input\":{\"@type\":\"PropertyValueSpecification\",\"valueRequired\":true,\"valueName\":\"search_term_string\"}}],\"inLanguage\":\"ru-RU\"}]}<\/script>\n<!-- \/ Yoast SEO plugin. -->","yoast_head_json":{"title":"\u0423\u0440\u043d\u0430 \u0434\u043b\u044f \u0441\u043e\u0431\u0430\u0447\u044c\u0438\u0445 \u044d\u043a\u0441\u043a\u0440\u0435\u043c\u0435\u043d\u0442\u043e\u0432 S-2 - RGR pluss","robots":{"index":"index","follow":"follow","max-snippet":"max-snippet:-1","max-image-preview":"max-image-preview:large","max-video-preview":"max-video-preview:-1"},"canonical":"https:\/\/rgrpluss.lv\/ru\/product\/%d1%83%d1%80%d0%bd%d0%b0-%d0%b4%d0%bb%d1%8f-%d1%81%d0%be%d0%b1%d0%b0%d1%87%d1%8c%d0%b8%d1%85-%d1%8d%d0%ba%d1%81%d0%ba%d1%80%d0%b5%d0%bc%d0%b5%d0%bd%d1%82%d0%be%d0%b2-s-1-kopija-2\/","og_locale":"ru_RU","og_type":"article","og_title":"\u0423\u0440\u043d\u0430 \u0434\u043b\u044f \u0441\u043e\u0431\u0430\u0447\u044c\u0438\u0445 \u044d\u043a\u0441\u043a\u0440\u0435\u043c\u0435\u043d\u0442\u043e\u0432 S-2 - RGR pluss","og_description":"Ir noliktav\u0101","og_url":"https:\/\/rgrpluss.lv\/ru\/product\/%d1%83%d1%80%d0%bd%d0%b0-%d0%b4%d0%bb%d1%8f-%d1%81%d0%be%d0%b1%d0%b0%d1%87%d1%8c%d0%b8%d1%85-%d1%8d%d0%ba%d1%81%d0%ba%d1%80%d0%b5%d0%bc%d0%b5%d0%bd%d1%82%d0%be%d0%b2-s-1-kopija-2\/","og_site_name":"RGR pluss","article_modified_time":"2026-01-23T03:38:46+00:00","og_image":[{"width":1702,"height":1702,"url":"https:\/\/rgrpluss.lv\/wp-content\/uploads\/2025\/06\/3.png.jpg","type":"image\/jpeg"}],"twitter_card":"summary_large_image","twitter_misc":{"\u041f\u0440\u0438\u043c\u0435\u0440\u043d\u043e\u0435 \u0432\u0440\u0435\u043c\u044f \u0434\u043b\u044f \u0447\u0442\u0435\u043d\u0438\u044f":"1 \u043c\u0438\u043d\u0443\u0442\u0430"},"schema":{"@context":"https:\/\/schema.org","@graph":[{"@type":"WebPage","@id":"https:\/\/rgrpluss.lv\/ru\/product\/%d1%83%d1%80%d0%bd%d0%b0-%d0%b4%d0%bb%d1%8f-%d1%81%d0%be%d0%b1%d0%b0%d1%87%d1%8c%d0%b8%d1%85-%d1%8d%d0%ba%d1%81%d0%ba%d1%80%d0%b5%d0%bc%d0%b5%d0%bd%d1%82%d0%be%d0%b2-s-1-kopija-2\/","url":"https:\/\/rgrpluss.lv\/ru\/product\/%d1%83%d1%80%d0%bd%d0%b0-%d0%b4%d0%bb%d1%8f-%d1%81%d0%be%d0%b1%d0%b0%d1%87%d1%8c%d0%b8%d1%85-%d1%8d%d0%ba%d1%81%d0%ba%d1%80%d0%b5%d0%bc%d0%b5%d0%bd%d1%82%d0%be%d0%b2-s-1-kopija-2\/","name":"\u0423\u0440\u043d\u0430 \u0434\u043b\u044f \u0441\u043e\u0431\u0430\u0447\u044c\u0438\u0445 \u044d\u043a\u0441\u043a\u0440\u0435\u043c\u0435\u043d\u0442\u043e\u0432 S-2 - RGR pluss","isPartOf":{"@id":"http:\/\/rgrpluss.lv\/ru\/#website"},"primaryImageOfPage":{"@id":"https:\/\/rgrpluss.lv\/ru\/product\/%d1%83%d1%80%d0%bd%d0%b0-%d0%b4%d0%bb%d1%8f-%d1%81%d0%be%d0%b1%d0%b0%d1%87%d1%8c%d0%b8%d1%85-%d1%8d%d0%ba%d1%81%d0%ba%d1%80%d0%b5%d0%bc%d0%b5%d0%bd%d1%82%d0%be%d0%b2-s-1-kopija-2\/#primaryimage"},"image":{"@id":"https:\/\/rgrpluss.lv\/ru\/product\/%d1%83%d1%80%d0%bd%d0%b0-%d0%b4%d0%bb%d1%8f-%d1%81%d0%be%d0%b1%d0%b0%d1%87%d1%8c%d0%b8%d1%85-%d1%8d%d0%ba%d1%81%d0%ba%d1%80%d0%b5%d0%bc%d0%b5%d0%bd%d1%82%d0%be%d0%b2-s-1-kopija-2\/#primaryimage"},"thumbnailUrl":"https:\/\/rgrpluss.lv\/wp-content\/uploads\/2025\/06\/3.png.jpg","datePublished":"2026-01-23T03:31:33+00:00","dateModified":"2026-01-23T03:38:46+00:00","breadcrumb":{"@id":"https:\/\/rgrpluss.lv\/ru\/product\/%d1%83%d1%80%d0%bd%d0%b0-%d0%b4%d0%bb%d1%8f-%d1%81%d0%be%d0%b1%d0%b0%d1%87%d1%8c%d0%b8%d1%85-%d1%8d%d0%ba%d1%81%d0%ba%d1%80%d0%b5%d0%bc%d0%b5%d0%bd%d1%82%d0%be%d0%b2-s-1-kopija-2\/#breadcrumb"},"inLanguage":"ru-RU","potentialAction":[{"@type":"ReadAction","target":["https:\/\/rgrpluss.lv\/ru\/product\/%d1%83%d1%80%d0%bd%d0%b0-%d0%b4%d0%bb%d1%8f-%d1%81%d0%be%d0%b1%d0%b0%d1%87%d1%8c%d0%b8%d1%85-%d1%8d%d0%ba%d1%81%d0%ba%d1%80%d0%b5%d0%bc%d0%b5%d0%bd%d1%82%d0%be%d0%b2-s-1-kopija-2\/"]}]},{"@type":"ImageObject","inLanguage":"ru-RU","@id":"https:\/\/rgrpluss.lv\/ru\/product\/%d1%83%d1%80%d0%bd%d0%b0-%d0%b4%d0%bb%d1%8f-%d1%81%d0%be%d0%b1%d0%b0%d1%87%d1%8c%d0%b8%d1%85-%d1%8d%d0%ba%d1%81%d0%ba%d1%80%d0%b5%d0%bc%d0%b5%d0%bd%d1%82%d0%be%d0%b2-s-1-kopija-2\/#primaryimage","url":"https:\/\/rgrpluss.lv\/wp-content\/uploads\/2025\/06\/3.png.jpg","contentUrl":"https:\/\/rgrpluss.lv\/wp-content\/uploads\/2025\/06\/3.png.jpg","width":1702,"height":1702},{"@type":"BreadcrumbList","@id":"https:\/\/rgrpluss.lv\/ru\/product\/%d1%83%d1%80%d0%bd%d0%b0-%d0%b4%d0%bb%d1%8f-%d1%81%d0%be%d0%b1%d0%b0%d1%87%d1%8c%d0%b8%d1%85-%d1%8d%d0%ba%d1%81%d0%ba%d1%80%d0%b5%d0%bc%d0%b5%d0%bd%d1%82%d0%be%d0%b2-s-1-kopija-2\/#breadcrumb","itemListElement":[{"@type":"ListItem","position":1,"name":"\u0413\u043b\u0430\u0432\u043d\u0430\u044f \u0441\u0442\u0440\u0430\u043d\u0438\u0446\u0430","item":"https:\/\/rgrpluss.lv\/ru\/"},{"@type":"ListItem","position":2,"name":"\u041c\u0430\u0433\u0430\u0437\u0438\u043d","item":"https:\/\/rgrpluss.lv\/ru\/magazin\/"},{"@type":"ListItem","position":3,"name":"\u0423\u0440\u043d\u0430 \u0434\u043b\u044f \u0441\u043e\u0431\u0430\u0447\u044c\u0438\u0445 \u044d\u043a\u0441\u043a\u0440\u0435\u043c\u0435\u043d\u0442\u043e\u0432 S-2"}]},{"@type":"WebSite","@id":"http:\/\/rgrpluss.lv\/ru\/#website","url":"http:\/\/rgrpluss.lv\/ru\/","name":"RGR pluss","description":"RGR Plus interneta veikals","potentialAction":[{"@type":"SearchAction","target":{"@type":"EntryPoint","urlTemplate":"http:\/\/rgrpluss.lv\/ru\/?s={search_term_string}"},"query-input":{"@type":"PropertyValueSpecification","valueRequired":true,"valueName":"search_term_string"}}],"inLanguage":"ru-RU"}]}},"_links":{"self":[{"href":"https:\/\/rgrpluss.lv\/ru\/wp-json\/wp\/v2\/product\/44839","targetHints":{"allow":["GET"]}}],"collection":[{"href":"https:\/\/rgrpluss.lv\/ru\/wp-json\/wp\/v2\/product"}],"about":[{"href":"https:\/\/rgrpluss.lv\/ru\/wp-json\/wp\/v2\/types\/product"}],"wp:featuredmedia":[{"embeddable":true,"href":"https:\/\/rgrpluss.lv\/ru\/wp-json\/wp\/v2\/media\/42575"}],"wp:attachment":[{"href":"https:\/\/rgrpluss.lv\/ru\/wp-json\/wp\/v2\/media?parent=44839"}],"wp:term":[{"taxonomy":"product_brand","embeddable":true,"href":"https:\/\/rgrpluss.lv\/ru\/wp-json\/wp\/v2\/product_brand?post=44839"},{"taxonomy":"product_cat","embeddable":true,"href":"https:\/\/rgrpluss.lv\/ru\/wp-json\/wp\/v2\/product_cat?post=44839"},{"taxonomy":"product_tag","embeddable":true,"href":"https:\/\/rgrpluss.lv\/ru\/wp-json\/wp\/v2\/product_tag?post=44839"}],"curies":[{"name":"wp","href":"https:\/\/api.w.org\/{rel}","templated":true}]}}