{"id":23077,"date":"2020-12-11T16:05:30","date_gmt":"2020-12-11T16:05:30","guid":{"rendered":"https:\/\/rgrpluss.lv\/product\/%d0%bc%d0%be%d0%bd%d1%82%d0%b0%d0%b6\/"},"modified":"2025-12-27T22:01:48","modified_gmt":"2025-12-27T22:01:48","slug":"%d0%bc%d0%be%d0%bd%d1%82%d0%b0%d0%b6","status":"publish","type":"product","link":"https:\/\/rgrpluss.lv\/ru\/product\/%d0%bc%d0%be%d0%bd%d1%82%d0%b0%d0%b6\/","title":{"rendered":"\u041c\u043e\u043d\u0442\u0430\u0436 \u043d\u0430 \u0431\u0435\u0442\u043e\u043d\u043d\u043e\u0435 \u043e\u0441\u043d\u043e\u0432\u0430\u043d\u0438\u0435"},"content":{"rendered":"<div class=\"sketchfab-embed-wrapper\"><iframe loading=\"lazy\" title=\"Mont\u0101\u017ea uz betona pamata\" src=\"https:\/\/sketchfab.com\/models\/e694754fa6274a9ba84b65edc350eea0\/embed?autospin=0.1&amp;autostart=1&amp;ui_animations=0&amp;ui_infos=0&amp;ui_stop=0&amp;ui_inspector=0&amp;ui_watermark_link=0&amp;ui_watermark=0&amp;ui_hint=0&amp;ui_help=0&amp;ui_settings=0&amp;ui_vr=0&amp;ui_annotations=0\" width=\"600\" height=\"600\" frameborder=\"0\" allowfullscreen=\"allowfullscreen\"><span data-mce-type=\"bookmark\" style=\"display: inline-block; width: 0px; overflow: hidden; line-height: 0;\" class=\"mce_SELRES_start\">\ufeff<\/span> <\/iframe><\/div>\n","protected":false},"excerpt":{"rendered":"<p><a href=\"https:\/\/rgrpluss.lv\/wp-content\/uploads\/2020\/09\/Montage.pdf\"\n   target=\"_blank\"\n   rel=\"noopener noreferrer\"\n   style=\"display:inline-block; margin-right:10px;\"><br \/>\n  <img loading=\"lazy\" decoding=\"async\" src=\"https:\/\/rgrpluss.lv\/wp-content\/uploads\/2020\/12\/monazas-shema.svg\"\n       alt=\"Datu lapa (koks)\"\n       width=\"200\"\n       height=\"18\"\n       style=\"\n         animation:pulse 1.9s infinite;\n         transition:transform 0.25s ease, filter 0.25s ease;\n       \"\n       onmouseover=\"this.style.transform='translateY(-2px) scale(1.04)'; this.style.filter='brightness(1.15)';\"\n       onmouseout=\"this.style.transform='none'; this.style.filter='none';\"\n  \/><br \/>\n<\/a><a href=\"https:\/\/rgrpluss.lv\/wp-content\/uploads\/2020\/12\/Cenu-lapa-2022-1.pdf\"\n   target=\"_blank\"\n   rel=\"noopener noreferrer\"\n   style=\"display:inline-block;\"><br \/>\n  <img loading=\"lazy\" decoding=\"async\" src=\"https:\/\/rgrpluss.lv\/wp-content\/uploads\/2020\/12\/cenu-lapa-iepirkumiem.svg\"\n       alt=\"Datu lapa (WPC)\"\n       width=\"200\"\n       height=\"18\"\n       style=\"\n         animation:pulse 1.9s infinite;\n         transition:transform 0.25s ease, filter 0.25s ease;\n       \"\n       onmouseover=\"this.style.transform='translateY(-2px) scale(1.04)'; this.style.filter='brightness(1.15)';\"\n       onmouseout=\"this.style.transform='none'; this.style.filter='none';\"\n  \/><br \/>\n<\/a><\/p>\n<div style=\"\n  margin-top:4px;\n  display:inline-flex;\n  align-items:center;\n  font-weight:600;\n  color:#8F0000;\n\"><br \/>\n  <svg class=\"rgr-clock\"\n       xmlns=\"http:\/\/www.w3.org\/2000\/svg\"\n       width=\"16\" height=\"16\" viewBox=\"0 0 24 24\"\n       aria-hidden=\"true\"\n       style=\"margin-right:8px; vertical-align:middle; flex:0 0 auto;\">\n    <circle cx=\"12\" cy=\"12\" r=\"9\"\n            fill=\"none\"\n            stroke=\"currentColor\"\n            stroke-width=\"1.8\"\/>\n    <path d=\"M12 7v5l3 2\"\n          fill=\"none\"\n          stroke=\"currentColor\"\n          stroke-width=\"1.8\"\n          stroke-linecap=\"round\"\n          stroke-linejoin=\"round\"\/>\n  <\/svg><br \/>\n  <span>Mont\u0101\u017eu veicam tikai uz pas\u016bt\u012bt\u0101ja sagatavotiem pamatiem<\/span>\n<\/div>\n<style>\n\/* Maiga, \u201cpremium\u201d kr\u0101su mai\u0146a tikai ikonai *\/\n@keyframes rgrClockTint {\n  0%   { color:#8F0000; opacity:1; }\n  50%  { color:#C13A2A; opacity:0.75; }\n  100% { color:#8F0000; opacity:1; }\n}\n.rgr-clock{\n  animation:rgrClockTint 1.4s ease-in-out infinite;\n}\n<\/style>\n<style>\n@keyframes clockTint {\n  0%   { opacity: 1;   transform: translateY(0);    filter: saturate(1); }\n  50%  { opacity: 0.55; transform: translateY(-1px); filter: saturate(1.6); }\n  100% { opacity: 1;   transform: translateY(0);    filter: saturate(1); }\n}\n<\/style>\n<style>\n@keyframes pulse {\n  0%   { opacity: 1; }\n  50%  { opacity: 0.3; }\n  100% { opacity: 1; }\n}\n<\/style>\n","protected":false},"featured_media":23075,"template":"","meta":{"_acf_changed":false},"product_brand":[],"product_cat":[163],"product_tag":[],"class_list":{"0":"post-23077","1":"product","2":"type-product","3":"status-publish","4":"has-post-thumbnail","6":"product_cat-betonnye-stupenki","7":"tm-no-options","9":"first","10":"instock","11":"product-type-simple"},"acf":{"mask":null,"text":""},"yoast_head":"<!-- This site is optimized with the Yoast SEO plugin v24.5 - https:\/\/yoast.com\/wordpress\/plugins\/seo\/ -->\n<title>\u041c\u043e\u043d\u0442\u0430\u0436 \u043d\u0430 \u0431\u0435\u0442\u043e\u043d\u043d\u043e\u0435 \u043e\u0441\u043d\u043e\u0432\u0430\u043d\u0438\u0435 - RGR pluss<\/title>\n<meta name=\"robots\" content=\"index, follow, max-snippet:-1, max-image-preview:large, max-video-preview:-1\" \/>\n<link rel=\"canonical\" href=\"https:\/\/rgrpluss.lv\/ru\/product\/%d0%bc%d0%be%d0%bd%d1%82%d0%b0%d0%b6\/\" \/>\n<meta property=\"og:locale\" content=\"ru_RU\" \/>\n<meta property=\"og:type\" content=\"article\" \/>\n<meta property=\"og:title\" content=\"\u041c\u043e\u043d\u0442\u0430\u0436 \u043d\u0430 \u0431\u0435\u0442\u043e\u043d\u043d\u043e\u0435 \u043e\u0441\u043d\u043e\u0432\u0430\u043d\u0438\u0435 - RGR pluss\" \/>\n<meta property=\"og:description\" content=\"Mont\u0101\u017eu veicam tikai uz pas\u016bt\u012bt\u0101ja sagatavotiem pamatiem\" \/>\n<meta property=\"og:url\" content=\"https:\/\/rgrpluss.lv\/ru\/product\/%d0%bc%d0%be%d0%bd%d1%82%d0%b0%d0%b6\/\" \/>\n<meta property=\"og:site_name\" content=\"RGR pluss\" \/>\n<meta property=\"article:modified_time\" content=\"2025-12-27T22:01:48+00:00\" \/>\n<meta property=\"og:image\" content=\"https:\/\/rgrpluss.lv\/wp-content\/uploads\/2020\/12\/m.jpg\" \/>\n\t<meta property=\"og:image:width\" content=\"1698\" \/>\n\t<meta property=\"og:image:height\" content=\"1698\" \/>\n\t<meta property=\"og:image:type\" content=\"image\/jpeg\" \/>\n<meta name=\"twitter:card\" content=\"summary_large_image\" \/>\n<script type=\"application\/ld+json\" class=\"yoast-schema-graph\">{\"@context\":\"https:\/\/schema.org\",\"@graph\":[{\"@type\":\"WebPage\",\"@id\":\"https:\/\/rgrpluss.lv\/ru\/product\/%d0%bc%d0%be%d0%bd%d1%82%d0%b0%d0%b6\/\",\"url\":\"https:\/\/rgrpluss.lv\/ru\/product\/%d0%bc%d0%be%d0%bd%d1%82%d0%b0%d0%b6\/\",\"name\":\"\u041c\u043e\u043d\u0442\u0430\u0436 \u043d\u0430 \u0431\u0435\u0442\u043e\u043d\u043d\u043e\u0435 \u043e\u0441\u043d\u043e\u0432\u0430\u043d\u0438\u0435 - RGR pluss\",\"isPartOf\":{\"@id\":\"http:\/\/rgrpluss.lv\/ru\/#website\"},\"primaryImageOfPage\":{\"@id\":\"https:\/\/rgrpluss.lv\/ru\/product\/%d0%bc%d0%be%d0%bd%d1%82%d0%b0%d0%b6\/#primaryimage\"},\"image\":{\"@id\":\"https:\/\/rgrpluss.lv\/ru\/product\/%d0%bc%d0%be%d0%bd%d1%82%d0%b0%d0%b6\/#primaryimage\"},\"thumbnailUrl\":\"https:\/\/rgrpluss.lv\/wp-content\/uploads\/2020\/12\/m.jpg\",\"datePublished\":\"2020-12-11T16:05:30+00:00\",\"dateModified\":\"2025-12-27T22:01:48+00:00\",\"breadcrumb\":{\"@id\":\"https:\/\/rgrpluss.lv\/ru\/product\/%d0%bc%d0%be%d0%bd%d1%82%d0%b0%d0%b6\/#breadcrumb\"},\"inLanguage\":\"ru-RU\",\"potentialAction\":[{\"@type\":\"ReadAction\",\"target\":[\"https:\/\/rgrpluss.lv\/ru\/product\/%d0%bc%d0%be%d0%bd%d1%82%d0%b0%d0%b6\/\"]}]},{\"@type\":\"ImageObject\",\"inLanguage\":\"ru-RU\",\"@id\":\"https:\/\/rgrpluss.lv\/ru\/product\/%d0%bc%d0%be%d0%bd%d1%82%d0%b0%d0%b6\/#primaryimage\",\"url\":\"https:\/\/rgrpluss.lv\/wp-content\/uploads\/2020\/12\/m.jpg\",\"contentUrl\":\"https:\/\/rgrpluss.lv\/wp-content\/uploads\/2020\/12\/m.jpg\",\"width\":1698,\"height\":1698},{\"@type\":\"BreadcrumbList\",\"@id\":\"https:\/\/rgrpluss.lv\/ru\/product\/%d0%bc%d0%be%d0%bd%d1%82%d0%b0%d0%b6\/#breadcrumb\",\"itemListElement\":[{\"@type\":\"ListItem\",\"position\":1,\"name\":\"\u0413\u043b\u0430\u0432\u043d\u0430\u044f \u0441\u0442\u0440\u0430\u043d\u0438\u0446\u0430\",\"item\":\"https:\/\/rgrpluss.lv\/ru\/\"},{\"@type\":\"ListItem\",\"position\":2,\"name\":\"\u041c\u0430\u0433\u0430\u0437\u0438\u043d\",\"item\":\"https:\/\/rgrpluss.lv\/ru\/magazin\/\"},{\"@type\":\"ListItem\",\"position\":3,\"name\":\"\u041c\u043e\u043d\u0442\u0430\u0436 \u043d\u0430 \u0431\u0435\u0442\u043e\u043d\u043d\u043e\u0435 \u043e\u0441\u043d\u043e\u0432\u0430\u043d\u0438\u0435\"}]},{\"@type\":\"WebSite\",\"@id\":\"http:\/\/rgrpluss.lv\/ru\/#website\",\"url\":\"http:\/\/rgrpluss.lv\/ru\/\",\"name\":\"RGR pluss\",\"description\":\"RGR Plus interneta veikals\",\"potentialAction\":[{\"@type\":\"SearchAction\",\"target\":{\"@type\":\"EntryPoint\",\"urlTemplate\":\"http:\/\/rgrpluss.lv\/ru\/?s={search_term_string}\"},\"query-input\":{\"@type\":\"PropertyValueSpecification\",\"valueRequired\":true,\"valueName\":\"search_term_string\"}}],\"inLanguage\":\"ru-RU\"}]}<\/script>\n<!-- \/ Yoast SEO plugin. -->","yoast_head_json":{"title":"\u041c\u043e\u043d\u0442\u0430\u0436 \u043d\u0430 \u0431\u0435\u0442\u043e\u043d\u043d\u043e\u0435 \u043e\u0441\u043d\u043e\u0432\u0430\u043d\u0438\u0435 - RGR pluss","robots":{"index":"index","follow":"follow","max-snippet":"max-snippet:-1","max-image-preview":"max-image-preview:large","max-video-preview":"max-video-preview:-1"},"canonical":"https:\/\/rgrpluss.lv\/ru\/product\/%d0%bc%d0%be%d0%bd%d1%82%d0%b0%d0%b6\/","og_locale":"ru_RU","og_type":"article","og_title":"\u041c\u043e\u043d\u0442\u0430\u0436 \u043d\u0430 \u0431\u0435\u0442\u043e\u043d\u043d\u043e\u0435 \u043e\u0441\u043d\u043e\u0432\u0430\u043d\u0438\u0435 - RGR pluss","og_description":"Mont\u0101\u017eu veicam tikai uz pas\u016bt\u012bt\u0101ja sagatavotiem pamatiem","og_url":"https:\/\/rgrpluss.lv\/ru\/product\/%d0%bc%d0%be%d0%bd%d1%82%d0%b0%d0%b6\/","og_site_name":"RGR pluss","article_modified_time":"2025-12-27T22:01:48+00:00","og_image":[{"width":1698,"height":1698,"url":"https:\/\/rgrpluss.lv\/wp-content\/uploads\/2020\/12\/m.jpg","type":"image\/jpeg"}],"twitter_card":"summary_large_image","schema":{"@context":"https:\/\/schema.org","@graph":[{"@type":"WebPage","@id":"https:\/\/rgrpluss.lv\/ru\/product\/%d0%bc%d0%be%d0%bd%d1%82%d0%b0%d0%b6\/","url":"https:\/\/rgrpluss.lv\/ru\/product\/%d0%bc%d0%be%d0%bd%d1%82%d0%b0%d0%b6\/","name":"\u041c\u043e\u043d\u0442\u0430\u0436 \u043d\u0430 \u0431\u0435\u0442\u043e\u043d\u043d\u043e\u0435 \u043e\u0441\u043d\u043e\u0432\u0430\u043d\u0438\u0435 - RGR pluss","isPartOf":{"@id":"http:\/\/rgrpluss.lv\/ru\/#website"},"primaryImageOfPage":{"@id":"https:\/\/rgrpluss.lv\/ru\/product\/%d0%bc%d0%be%d0%bd%d1%82%d0%b0%d0%b6\/#primaryimage"},"image":{"@id":"https:\/\/rgrpluss.lv\/ru\/product\/%d0%bc%d0%be%d0%bd%d1%82%d0%b0%d0%b6\/#primaryimage"},"thumbnailUrl":"https:\/\/rgrpluss.lv\/wp-content\/uploads\/2020\/12\/m.jpg","datePublished":"2020-12-11T16:05:30+00:00","dateModified":"2025-12-27T22:01:48+00:00","breadcrumb":{"@id":"https:\/\/rgrpluss.lv\/ru\/product\/%d0%bc%d0%be%d0%bd%d1%82%d0%b0%d0%b6\/#breadcrumb"},"inLanguage":"ru-RU","potentialAction":[{"@type":"ReadAction","target":["https:\/\/rgrpluss.lv\/ru\/product\/%d0%bc%d0%be%d0%bd%d1%82%d0%b0%d0%b6\/"]}]},{"@type":"ImageObject","inLanguage":"ru-RU","@id":"https:\/\/rgrpluss.lv\/ru\/product\/%d0%bc%d0%be%d0%bd%d1%82%d0%b0%d0%b6\/#primaryimage","url":"https:\/\/rgrpluss.lv\/wp-content\/uploads\/2020\/12\/m.jpg","contentUrl":"https:\/\/rgrpluss.lv\/wp-content\/uploads\/2020\/12\/m.jpg","width":1698,"height":1698},{"@type":"BreadcrumbList","@id":"https:\/\/rgrpluss.lv\/ru\/product\/%d0%bc%d0%be%d0%bd%d1%82%d0%b0%d0%b6\/#breadcrumb","itemListElement":[{"@type":"ListItem","position":1,"name":"\u0413\u043b\u0430\u0432\u043d\u0430\u044f \u0441\u0442\u0440\u0430\u043d\u0438\u0446\u0430","item":"https:\/\/rgrpluss.lv\/ru\/"},{"@type":"ListItem","position":2,"name":"\u041c\u0430\u0433\u0430\u0437\u0438\u043d","item":"https:\/\/rgrpluss.lv\/ru\/magazin\/"},{"@type":"ListItem","position":3,"name":"\u041c\u043e\u043d\u0442\u0430\u0436 \u043d\u0430 \u0431\u0435\u0442\u043e\u043d\u043d\u043e\u0435 \u043e\u0441\u043d\u043e\u0432\u0430\u043d\u0438\u0435"}]},{"@type":"WebSite","@id":"http:\/\/rgrpluss.lv\/ru\/#website","url":"http:\/\/rgrpluss.lv\/ru\/","name":"RGR pluss","description":"RGR Plus interneta veikals","potentialAction":[{"@type":"SearchAction","target":{"@type":"EntryPoint","urlTemplate":"http:\/\/rgrpluss.lv\/ru\/?s={search_term_string}"},"query-input":{"@type":"PropertyValueSpecification","valueRequired":true,"valueName":"search_term_string"}}],"inLanguage":"ru-RU"}]}},"_links":{"self":[{"href":"https:\/\/rgrpluss.lv\/ru\/wp-json\/wp\/v2\/product\/23077","targetHints":{"allow":["GET"]}}],"collection":[{"href":"https:\/\/rgrpluss.lv\/ru\/wp-json\/wp\/v2\/product"}],"about":[{"href":"https:\/\/rgrpluss.lv\/ru\/wp-json\/wp\/v2\/types\/product"}],"wp:featuredmedia":[{"embeddable":true,"href":"https:\/\/rgrpluss.lv\/ru\/wp-json\/wp\/v2\/media\/23075"}],"wp:attachment":[{"href":"https:\/\/rgrpluss.lv\/ru\/wp-json\/wp\/v2\/media?parent=23077"}],"wp:term":[{"taxonomy":"product_brand","embeddable":true,"href":"https:\/\/rgrpluss.lv\/ru\/wp-json\/wp\/v2\/product_brand?post=23077"},{"taxonomy":"product_cat","embeddable":true,"href":"https:\/\/rgrpluss.lv\/ru\/wp-json\/wp\/v2\/product_cat?post=23077"},{"taxonomy":"product_tag","embeddable":true,"href":"https:\/\/rgrpluss.lv\/ru\/wp-json\/wp\/v2\/product_tag?post=23077"}],"curies":[{"name":"wp","href":"https:\/\/api.w.org\/{rel}","templated":true}]}}