{"id":14600,"date":"2020-12-11T16:04:53","date_gmt":"2020-12-11T16:31:43","guid":{"rendered":"http:\/\/rgrpluss.lv\/product\/%d1%83%d1%80%d0%bd%d0%b0-%d0%b4%d0%bb%d1%8f-%d0%bc%d1%83%d1%81%d0%be%d1%80%d0%b0-um-15-2-%d1%81-%d0%b6%d0%b5%d1%81%d1%82%d1%8f%d0%bd%d0%be%d0%b9-%d0%b2%d1%81%d1%82%d0%b0%d0%b2%d0%ba%d0%be%d0%b9\/"},"modified":"2026-01-25T03:35:50","modified_gmt":"2026-01-25T03:35:50","slug":"urna-dlya-musora-um-15-2-s-zhestyanoj-vstavkoj","status":"publish","type":"product","link":"https:\/\/rgrpluss.lv\/ru\/product\/urna-dlya-musora-um-15-2-s-zhestyanoj-vstavkoj\/","title":{"rendered":"\u0423\u0440\u043d\u0430 \u0434\u043b\u044f \u043c\u0443\u0441\u043e\u0440\u0430 UM-15.2 (\u0441 \u0436\u0435\u0441\u0442\u044f\u043d\u043e\u0439 \u0432\u0441\u0442\u0430\u0432\u043a\u043e\u0439)"},"content":{"rendered":"<div class=\"sketchfab-embed-wrapper\"><iframe loading=\"lazy\" title=\"UM-15.2\" src=\"https:\/\/sketchfab.com\/models\/d33e8ed0fa3949de8f33d8aa808a3c94\/embed?autospin=0.05&amp;autostart=1&amp;ui_animations=0&amp;ui_infos=0&amp;ui_stop=0&amp;ui_inspector=0&amp;ui_watermark_link=0&amp;ui_watermark=0&amp;ui_hint=0&amp;ui_help=0&amp;ui_settings=0&amp;ui_annotations=0\" width=\"600\" height=\"600\" frameborder=\"0\" allowfullscreen=\"allowfullscreen\"><span data-mce-type=\"bookmark\" style=\"display: inline-block; width: 0px; overflow: hidden; line-height: 0;\" class=\"mce_SELRES_start\">\ufeff<\/span> <\/iframe><\/div>\n","protected":false},"excerpt":{"rendered":"<div style=\"\n  margin-bottom:6px;\n  display:inline-flex;\n  align-items:center;\n  font-weight:600;\n  color:#8F0000;\n\"><br \/>\n  <svg class=\"rgr-clock\"\n       xmlns=\"http:\/\/www.w3.org\/2000\/svg\"\n       width=\"16\" height=\"16\" viewBox=\"0 0 24 24\"\n       aria-hidden=\"true\"\n       style=\"margin-right:8px; vertical-align:middle; flex:0 0 auto;\">\n    <circle cx=\"12\" cy=\"12\" r=\"9\"\n            fill=\"none\"\n            stroke=\"currentColor\"\n            stroke-width=\"1.8\"\/>\n    <path d=\"M12 7v5l3 2\"\n          fill=\"none\"\n          stroke=\"currentColor\"\n          stroke-width=\"1.8\"\n          stroke-linecap=\"round\"\n          stroke-linejoin=\"round\"\/>\n  <\/svg><br \/>\n  <span>Ra\u017eo\u0161anas laiks l\u012bdz 3\u20134 ned\u0113\u013c\u0101m atkar\u012bb\u0101 no noslodzes<\/span>\n<\/div>\n<p><a href=\"https:\/\/rgrpluss.lv\/wp-content\/uploads\/2020\/12\/UM-15.2.pdf\"\n   target=\"_blank\"\n   rel=\"noopener noreferrer\"\n   class=\"rgr-datalapa-btn\"\n   style=\"display:inline-block;\"><br \/>\n  <img loading=\"lazy\" decoding=\"async\" src=\"https:\/\/rgrpluss.lv\/wp-content\/uploads\/2025\/10\/izmeri.svg\"\n       alt=\"Datu lapa (WPC)\"\n       width=\"200\"\n       height=\"18\"\n       style=\"transition:transform 0.25s ease, filter 0.25s ease;\"\n       onmouseover=\"this.style.transform='translateY(-2px) scale(1.04)'; this.style.filter='brightness(1.15)';\"\n       onmouseout=\"this.style.transform='none'; this.style.filter='none';\"\n  \/><br \/>\n<\/a><\/p>\n<style>\n\/* Mirgo\u0161ana pogai *\/\n@keyframes rgrPulseStrong {\n  0%   { opacity: 1;   transform: scale(1); }\n  50%  { opacity: .15; transform: scale(1.06); }\n  100% { opacity: 1;   transform: scale(1); }\n}\n.rgr-datalapa-btn{\n  animation: rgrPulseStrong 2.5s ease-in-out infinite;\n  will-change: opacity, transform;\n}<\/p>\n<p>\/* Pulksten\u012btim strauj\u0101ka mirgo\u0161ana *\/\n@keyframes rgrClockTint {\n  0%   { color:#8F0000; opacity:1;   transform:translateY(0); }\n  50%  { color:#C13A2A; opacity:.25; transform:translateY(-1px); }\n  100% { color:#8F0000; opacity:1;   transform:translateY(0); }\n}\n.rgr-clock{\n  animation: rgrClockTint 0.7s ease-in-out infinite; \/* bija 1.4s *\/\n  will-change: opacity, transform, color;\n}\n<\/style>\n","protected":false},"featured_media":17824,"template":"","meta":{"_acf_changed":false},"product_brand":[],"product_cat":[305],"product_tag":[],"class_list":{"0":"post-14600","1":"product","2":"type-product","3":"status-publish","4":"has-post-thumbnail","6":"product_cat-urni-dlja-musora-iz-metalla","7":"tm-has-options","9":"first","10":"instock","11":"taxable","12":"shipping-taxable","13":"purchasable","14":"product-type-simple"},"acf":{"mask":null,"text":""},"yoast_head":"<!-- This site is optimized with the Yoast SEO plugin v24.5 - https:\/\/yoast.com\/wordpress\/plugins\/seo\/ -->\n<title>\u0423\u0440\u043d\u0430 \u0434\u043b\u044f \u043c\u0443\u0441\u043e\u0440\u0430 UM-15.2 (\u0441 \u0436\u0435\u0441\u0442\u044f\u043d\u043e\u0439 \u0432\u0441\u0442\u0430\u0432\u043a\u043e\u0439) - RGR pluss<\/title>\n<meta name=\"robots\" content=\"index, follow, max-snippet:-1, max-image-preview:large, max-video-preview:-1\" \/>\n<link rel=\"canonical\" href=\"https:\/\/rgrpluss.lv\/ru\/product\/urna-dlya-musora-um-15-2-s-zhestyanoj-vstavkoj\/\" \/>\n<meta property=\"og:locale\" content=\"ru_RU\" \/>\n<meta property=\"og:type\" content=\"article\" \/>\n<meta property=\"og:title\" content=\"\u0423\u0440\u043d\u0430 \u0434\u043b\u044f \u043c\u0443\u0441\u043e\u0440\u0430 UM-15.2 (\u0441 \u0436\u0435\u0441\u0442\u044f\u043d\u043e\u0439 \u0432\u0441\u0442\u0430\u0432\u043a\u043e\u0439) - RGR pluss\" \/>\n<meta property=\"og:description\" content=\"Ra\u017eo\u0161anas laiks l\u012bdz 3\u20134 ned\u0113\u013c\u0101m atkar\u012bb\u0101 no noslodzes\" \/>\n<meta property=\"og:url\" content=\"https:\/\/rgrpluss.lv\/ru\/product\/urna-dlya-musora-um-15-2-s-zhestyanoj-vstavkoj\/\" \/>\n<meta property=\"og:site_name\" content=\"RGR pluss\" \/>\n<meta property=\"article:modified_time\" content=\"2026-01-25T03:35:50+00:00\" \/>\n<meta property=\"og:image\" content=\"https:\/\/rgrpluss.lv\/wp-content\/uploads\/2020\/12\/SM-15.2-scaled.jpg\" \/>\n\t<meta property=\"og:image:width\" content=\"2560\" \/>\n\t<meta property=\"og:image:height\" content=\"2560\" \/>\n\t<meta property=\"og:image:type\" content=\"image\/jpeg\" \/>\n<meta name=\"twitter:card\" content=\"summary_large_image\" \/>\n<script type=\"application\/ld+json\" class=\"yoast-schema-graph\">{\"@context\":\"https:\/\/schema.org\",\"@graph\":[{\"@type\":\"WebPage\",\"@id\":\"https:\/\/rgrpluss.lv\/ru\/product\/urna-dlya-musora-um-15-2-s-zhestyanoj-vstavkoj\/\",\"url\":\"https:\/\/rgrpluss.lv\/ru\/product\/urna-dlya-musora-um-15-2-s-zhestyanoj-vstavkoj\/\",\"name\":\"\u0423\u0440\u043d\u0430 \u0434\u043b\u044f \u043c\u0443\u0441\u043e\u0440\u0430 UM-15.2 (\u0441 \u0436\u0435\u0441\u0442\u044f\u043d\u043e\u0439 \u0432\u0441\u0442\u0430\u0432\u043a\u043e\u0439) - RGR pluss\",\"isPartOf\":{\"@id\":\"http:\/\/rgrpluss.lv\/ru\/#website\"},\"primaryImageOfPage\":{\"@id\":\"https:\/\/rgrpluss.lv\/ru\/product\/urna-dlya-musora-um-15-2-s-zhestyanoj-vstavkoj\/#primaryimage\"},\"image\":{\"@id\":\"https:\/\/rgrpluss.lv\/ru\/product\/urna-dlya-musora-um-15-2-s-zhestyanoj-vstavkoj\/#primaryimage\"},\"thumbnailUrl\":\"https:\/\/rgrpluss.lv\/wp-content\/uploads\/2020\/12\/SM-15.2-scaled.jpg\",\"datePublished\":\"2020-12-11T16:31:43+00:00\",\"dateModified\":\"2026-01-25T03:35:50+00:00\",\"breadcrumb\":{\"@id\":\"https:\/\/rgrpluss.lv\/ru\/product\/urna-dlya-musora-um-15-2-s-zhestyanoj-vstavkoj\/#breadcrumb\"},\"inLanguage\":\"ru-RU\",\"potentialAction\":[{\"@type\":\"ReadAction\",\"target\":[\"https:\/\/rgrpluss.lv\/ru\/product\/urna-dlya-musora-um-15-2-s-zhestyanoj-vstavkoj\/\"]}]},{\"@type\":\"ImageObject\",\"inLanguage\":\"ru-RU\",\"@id\":\"https:\/\/rgrpluss.lv\/ru\/product\/urna-dlya-musora-um-15-2-s-zhestyanoj-vstavkoj\/#primaryimage\",\"url\":\"https:\/\/rgrpluss.lv\/wp-content\/uploads\/2020\/12\/SM-15.2-scaled.jpg\",\"contentUrl\":\"https:\/\/rgrpluss.lv\/wp-content\/uploads\/2020\/12\/SM-15.2-scaled.jpg\",\"width\":2560,\"height\":2560},{\"@type\":\"BreadcrumbList\",\"@id\":\"https:\/\/rgrpluss.lv\/ru\/product\/urna-dlya-musora-um-15-2-s-zhestyanoj-vstavkoj\/#breadcrumb\",\"itemListElement\":[{\"@type\":\"ListItem\",\"position\":1,\"name\":\"\u0413\u043b\u0430\u0432\u043d\u0430\u044f \u0441\u0442\u0440\u0430\u043d\u0438\u0446\u0430\",\"item\":\"https:\/\/rgrpluss.lv\/ru\/\"},{\"@type\":\"ListItem\",\"position\":2,\"name\":\"\u041c\u0430\u0433\u0430\u0437\u0438\u043d\",\"item\":\"https:\/\/rgrpluss.lv\/ru\/magazin\/\"},{\"@type\":\"ListItem\",\"position\":3,\"name\":\"\u0423\u0440\u043d\u0430 \u0434\u043b\u044f \u043c\u0443\u0441\u043e\u0440\u0430 UM-15.2 (\u0441 \u0436\u0435\u0441\u0442\u044f\u043d\u043e\u0439 \u0432\u0441\u0442\u0430\u0432\u043a\u043e\u0439)\"}]},{\"@type\":\"WebSite\",\"@id\":\"http:\/\/rgrpluss.lv\/ru\/#website\",\"url\":\"http:\/\/rgrpluss.lv\/ru\/\",\"name\":\"RGR pluss\",\"description\":\"RGR Plus interneta veikals\",\"potentialAction\":[{\"@type\":\"SearchAction\",\"target\":{\"@type\":\"EntryPoint\",\"urlTemplate\":\"http:\/\/rgrpluss.lv\/ru\/?s={search_term_string}\"},\"query-input\":{\"@type\":\"PropertyValueSpecification\",\"valueRequired\":true,\"valueName\":\"search_term_string\"}}],\"inLanguage\":\"ru-RU\"}]}<\/script>\n<!-- \/ Yoast SEO plugin. -->","yoast_head_json":{"title":"\u0423\u0440\u043d\u0430 \u0434\u043b\u044f \u043c\u0443\u0441\u043e\u0440\u0430 UM-15.2 (\u0441 \u0436\u0435\u0441\u0442\u044f\u043d\u043e\u0439 \u0432\u0441\u0442\u0430\u0432\u043a\u043e\u0439) - RGR pluss","robots":{"index":"index","follow":"follow","max-snippet":"max-snippet:-1","max-image-preview":"max-image-preview:large","max-video-preview":"max-video-preview:-1"},"canonical":"https:\/\/rgrpluss.lv\/ru\/product\/urna-dlya-musora-um-15-2-s-zhestyanoj-vstavkoj\/","og_locale":"ru_RU","og_type":"article","og_title":"\u0423\u0440\u043d\u0430 \u0434\u043b\u044f \u043c\u0443\u0441\u043e\u0440\u0430 UM-15.2 (\u0441 \u0436\u0435\u0441\u0442\u044f\u043d\u043e\u0439 \u0432\u0441\u0442\u0430\u0432\u043a\u043e\u0439) - RGR pluss","og_description":"Ra\u017eo\u0161anas laiks l\u012bdz 3\u20134 ned\u0113\u013c\u0101m atkar\u012bb\u0101 no noslodzes","og_url":"https:\/\/rgrpluss.lv\/ru\/product\/urna-dlya-musora-um-15-2-s-zhestyanoj-vstavkoj\/","og_site_name":"RGR pluss","article_modified_time":"2026-01-25T03:35:50+00:00","og_image":[{"width":2560,"height":2560,"url":"https:\/\/rgrpluss.lv\/wp-content\/uploads\/2020\/12\/SM-15.2-scaled.jpg","type":"image\/jpeg"}],"twitter_card":"summary_large_image","schema":{"@context":"https:\/\/schema.org","@graph":[{"@type":"WebPage","@id":"https:\/\/rgrpluss.lv\/ru\/product\/urna-dlya-musora-um-15-2-s-zhestyanoj-vstavkoj\/","url":"https:\/\/rgrpluss.lv\/ru\/product\/urna-dlya-musora-um-15-2-s-zhestyanoj-vstavkoj\/","name":"\u0423\u0440\u043d\u0430 \u0434\u043b\u044f \u043c\u0443\u0441\u043e\u0440\u0430 UM-15.2 (\u0441 \u0436\u0435\u0441\u0442\u044f\u043d\u043e\u0439 \u0432\u0441\u0442\u0430\u0432\u043a\u043e\u0439) - RGR pluss","isPartOf":{"@id":"http:\/\/rgrpluss.lv\/ru\/#website"},"primaryImageOfPage":{"@id":"https:\/\/rgrpluss.lv\/ru\/product\/urna-dlya-musora-um-15-2-s-zhestyanoj-vstavkoj\/#primaryimage"},"image":{"@id":"https:\/\/rgrpluss.lv\/ru\/product\/urna-dlya-musora-um-15-2-s-zhestyanoj-vstavkoj\/#primaryimage"},"thumbnailUrl":"https:\/\/rgrpluss.lv\/wp-content\/uploads\/2020\/12\/SM-15.2-scaled.jpg","datePublished":"2020-12-11T16:31:43+00:00","dateModified":"2026-01-25T03:35:50+00:00","breadcrumb":{"@id":"https:\/\/rgrpluss.lv\/ru\/product\/urna-dlya-musora-um-15-2-s-zhestyanoj-vstavkoj\/#breadcrumb"},"inLanguage":"ru-RU","potentialAction":[{"@type":"ReadAction","target":["https:\/\/rgrpluss.lv\/ru\/product\/urna-dlya-musora-um-15-2-s-zhestyanoj-vstavkoj\/"]}]},{"@type":"ImageObject","inLanguage":"ru-RU","@id":"https:\/\/rgrpluss.lv\/ru\/product\/urna-dlya-musora-um-15-2-s-zhestyanoj-vstavkoj\/#primaryimage","url":"https:\/\/rgrpluss.lv\/wp-content\/uploads\/2020\/12\/SM-15.2-scaled.jpg","contentUrl":"https:\/\/rgrpluss.lv\/wp-content\/uploads\/2020\/12\/SM-15.2-scaled.jpg","width":2560,"height":2560},{"@type":"BreadcrumbList","@id":"https:\/\/rgrpluss.lv\/ru\/product\/urna-dlya-musora-um-15-2-s-zhestyanoj-vstavkoj\/#breadcrumb","itemListElement":[{"@type":"ListItem","position":1,"name":"\u0413\u043b\u0430\u0432\u043d\u0430\u044f \u0441\u0442\u0440\u0430\u043d\u0438\u0446\u0430","item":"https:\/\/rgrpluss.lv\/ru\/"},{"@type":"ListItem","position":2,"name":"\u041c\u0430\u0433\u0430\u0437\u0438\u043d","item":"https:\/\/rgrpluss.lv\/ru\/magazin\/"},{"@type":"ListItem","position":3,"name":"\u0423\u0440\u043d\u0430 \u0434\u043b\u044f \u043c\u0443\u0441\u043e\u0440\u0430 UM-15.2 (\u0441 \u0436\u0435\u0441\u0442\u044f\u043d\u043e\u0439 \u0432\u0441\u0442\u0430\u0432\u043a\u043e\u0439)"}]},{"@type":"WebSite","@id":"http:\/\/rgrpluss.lv\/ru\/#website","url":"http:\/\/rgrpluss.lv\/ru\/","name":"RGR pluss","description":"RGR Plus interneta veikals","potentialAction":[{"@type":"SearchAction","target":{"@type":"EntryPoint","urlTemplate":"http:\/\/rgrpluss.lv\/ru\/?s={search_term_string}"},"query-input":{"@type":"PropertyValueSpecification","valueRequired":true,"valueName":"search_term_string"}}],"inLanguage":"ru-RU"}]}},"_links":{"self":[{"href":"https:\/\/rgrpluss.lv\/ru\/wp-json\/wp\/v2\/product\/14600","targetHints":{"allow":["GET"]}}],"collection":[{"href":"https:\/\/rgrpluss.lv\/ru\/wp-json\/wp\/v2\/product"}],"about":[{"href":"https:\/\/rgrpluss.lv\/ru\/wp-json\/wp\/v2\/types\/product"}],"wp:featuredmedia":[{"embeddable":true,"href":"https:\/\/rgrpluss.lv\/ru\/wp-json\/wp\/v2\/media\/17824"}],"wp:attachment":[{"href":"https:\/\/rgrpluss.lv\/ru\/wp-json\/wp\/v2\/media?parent=14600"}],"wp:term":[{"taxonomy":"product_brand","embeddable":true,"href":"https:\/\/rgrpluss.lv\/ru\/wp-json\/wp\/v2\/product_brand?post=14600"},{"taxonomy":"product_cat","embeddable":true,"href":"https:\/\/rgrpluss.lv\/ru\/wp-json\/wp\/v2\/product_cat?post=14600"},{"taxonomy":"product_tag","embeddable":true,"href":"https:\/\/rgrpluss.lv\/ru\/wp-json\/wp\/v2\/product_tag?post=14600"}],"curies":[{"name":"wp","href":"https:\/\/api.w.org\/{rel}","templated":true}]}}