{"id":13879,"date":"2020-12-11T12:08:03","date_gmt":"2020-12-11T12:15:26","guid":{"rendered":"http:\/\/rgrpluss.lv\/product\/%d1%81%d0%ba%d0%b0%d0%bc%d0%b5%d0%b9%d0%ba%d0%b0-%d0%bf%d0%b0%d1%80%d0%ba%d0%be%d0%b2%d0%b0%d1%8f-sb-2-1\/"},"modified":"2025-12-29T19:30:59","modified_gmt":"2025-12-29T19:30:59","slug":"skamejka-parkovaya-sb-2-1","status":"publish","type":"product","link":"https:\/\/rgrpluss.lv\/ru\/product\/skamejka-parkovaya-sb-2-1\/","title":{"rendered":"\u0421\u043a\u0430\u043c\u0435\u0439\u043a\u0430 \u043f\u0430\u0440\u043a\u043e\u0432\u0430\u044f SB-2.1"},"content":{"rendered":"<div class=\"sketchfab-embed-wrapper\"><iframe loading=\"lazy\" title=\"SB-2.1\" src=\"https:\/\/sketchfab.com\/models\/cd0c9c6a1ea84269a7bdbab5eb9ba492\/embed?autospin=0.05&amp;autostart=1&amp;ui_animations=0&amp;ui_infos=0&amp;ui_stop=0&amp;ui_inspector=0&amp;ui_watermark_link=0&amp;ui_watermark=0&amp;ui_hint=0&amp;ui_help=0&amp;ui_settings=0&amp;ui_vr=0&amp;ui_annotations=0\" width=\"400\" height=\"400\" frameborder=\"0\" allowfullscreen=\"allowfullscreen\"><span data-mce-type=\"bookmark\" style=\"display: inline-block; width: 0px; overflow: hidden; line-height: 0;\" class=\"mce_SELRES_start\">\ufeff<\/span> <\/iframe><\/div>\n","protected":false},"excerpt":{"rendered":"<p><a href=\"https:\/\/rgrpluss.lv\/wp-content\/uploads\/2020\/07\/SB-02.1..pdf\"\n   target=\"_blank\"\n   rel=\"noopener noreferrer\"\n   style=\"display:inline-block; margin-right:10px;\"><br \/>\n  <img loading=\"lazy\" decoding=\"async\" src=\"https:\/\/rgrpluss.lv\/wp-content\/uploads\/2020\/12\/koka-sedvirsma-1.svg\"\n       alt=\"Datu lapa (koks)\"\n       width=\"200\"\n       height=\"18\"\n       style=\"\n         animation:pulse 1.9s infinite;\n         transition:transform 0.25s ease, filter 0.25s ease;\n       \"\n       onmouseover=\"this.style.transform='translateY(-2px) scale(1.04)'; this.style.filter='brightness(1.15)';\"\n       onmouseout=\"this.style.transform='none'; this.style.filter='none';\"\n  \/><br \/>\n<\/a><a href=\"https:\/\/rgrpluss.lv\/wp-content\/uploads\/2020\/12\/SB-2.1-WPC.pdf\"\n   target=\"_blank\"\n   rel=\"noopener noreferrer\"\n   style=\"display:inline-block;\"><br \/>\n  <img loading=\"lazy\" decoding=\"async\" src=\"https:\/\/rgrpluss.lv\/wp-content\/uploads\/2020\/12\/wpc-sedvirsma-1.svg\"\n       alt=\"Datu lapa (WPC)\"\n       width=\"200\"\n       height=\"18\"\n       style=\"\n         animation:pulse 1.9s infinite;\n         transition:transform 0.25s ease, filter 0.25s ease;\n       \"\n       onmouseover=\"this.style.transform='translateY(-2px) scale(1.04)'; this.style.filter='brightness(1.15)';\"\n       onmouseout=\"this.style.transform='none'; this.style.filter='none';\"\n  \/><br \/>\n<\/a><\/p>\n<div style=\"\n  margin-top:4px;\n  display:inline-flex;\n  align-items:center;\n  font-weight:600;\n  color:#8F0000;\n\"><br \/>\n  <svg class=\"rgr-clock\"\n       xmlns=\"http:\/\/www.w3.org\/2000\/svg\"\n       width=\"16\" height=\"16\" viewBox=\"0 0 24 24\"\n       aria-hidden=\"true\"\n       style=\"margin-right:8px; vertical-align:middle; flex:0 0 auto;\">\n    <circle cx=\"12\" cy=\"12\" r=\"9\"\n            fill=\"none\"\n            stroke=\"currentColor\"\n            stroke-width=\"1.8\"\/>\n    <path d=\"M12 7v5l3 2\"\n          fill=\"none\"\n          stroke=\"currentColor\"\n          stroke-width=\"1.8\"\n          stroke-linecap=\"round\"\n          stroke-linejoin=\"round\"\/>\n  <\/svg><br \/>\n  <span>Ra\u017eo\u0161anas laiks l\u012bdz 2\u20133 ned\u0113\u013c\u0101m atkar\u012bb\u0101 no noslodzes<\/span>\n<\/div>\n<style>\n\/* Maiga, \u201cpremium\u201d kr\u0101su mai\u0146a tikai ikonai *\/\n@keyframes rgrClockTint {\n  0%   { color:#8F0000; opacity:1; }\n  50%  { color:#C13A2A; opacity:0.75; }\n  100% { color:#8F0000; opacity:1; }\n}\n.rgr-clock{\n  animation:rgrClockTint 1.4s ease-in-out infinite;\n}\n<\/style>\n<style>\n@keyframes clockTint {\n  0%   { opacity: 1;   transform: translateY(0);    filter: saturate(1); }\n  50%  { opacity: 0.55; transform: translateY(-1px); filter: saturate(1.6); }\n  100% { opacity: 1;   transform: translateY(0);    filter: saturate(1); }\n}\n<\/style>\n<style>\n@keyframes pulse {\n  0%   { opacity: 1; }\n  50%  { opacity: 0.3; }\n  100% { opacity: 1; }\n}\n<\/style>\n","protected":false},"featured_media":10915,"template":"","meta":{"_acf_changed":false},"product_brand":[],"product_cat":[276],"product_tag":[],"class_list":{"0":"post-13879","1":"product","2":"type-product","3":"status-publish","4":"has-post-thumbnail","6":"product_cat-skamejki-s-betonnimi-nozhkami","7":"tm-has-options","9":"first","10":"instock","11":"featured","12":"taxable","13":"shipping-taxable","14":"purchasable","15":"product-type-simple"},"acf":{"mask":null,"text":""},"yoast_head":"<!-- This site is optimized with the Yoast SEO plugin v24.5 - https:\/\/yoast.com\/wordpress\/plugins\/seo\/ -->\n<title>\u0421\u043a\u0430\u043c\u0435\u0439\u043a\u0430 \u043f\u0430\u0440\u043a\u043e\u0432\u0430\u044f SB-2.1 - RGR pluss<\/title>\n<meta name=\"robots\" content=\"index, follow, max-snippet:-1, max-image-preview:large, max-video-preview:-1\" \/>\n<link rel=\"canonical\" href=\"https:\/\/rgrpluss.lv\/ru\/product\/skamejka-parkovaya-sb-2-1\/\" \/>\n<meta property=\"og:locale\" content=\"ru_RU\" \/>\n<meta property=\"og:type\" content=\"article\" \/>\n<meta property=\"og:title\" content=\"\u0421\u043a\u0430\u043c\u0435\u0439\u043a\u0430 \u043f\u0430\u0440\u043a\u043e\u0432\u0430\u044f SB-2.1 - RGR pluss\" \/>\n<meta property=\"og:description\" content=\"Ra\u017eo\u0161anas laiks l\u012bdz 2\u20133 ned\u0113\u013c\u0101m atkar\u012bb\u0101 no noslodzes\" \/>\n<meta property=\"og:url\" content=\"https:\/\/rgrpluss.lv\/ru\/product\/skamejka-parkovaya-sb-2-1\/\" \/>\n<meta property=\"og:site_name\" content=\"RGR pluss\" \/>\n<meta property=\"article:modified_time\" content=\"2025-12-29T19:30:59+00:00\" \/>\n<meta property=\"og:image\" content=\"https:\/\/rgrpluss.lv\/wp-content\/uploads\/2020\/07\/1-102.png\" \/>\n\t<meta property=\"og:image:width\" content=\"1656\" \/>\n\t<meta property=\"og:image:height\" content=\"1660\" \/>\n\t<meta property=\"og:image:type\" content=\"image\/png\" \/>\n<meta name=\"twitter:card\" content=\"summary_large_image\" \/>\n<script type=\"application\/ld+json\" class=\"yoast-schema-graph\">{\"@context\":\"https:\/\/schema.org\",\"@graph\":[{\"@type\":\"WebPage\",\"@id\":\"https:\/\/rgrpluss.lv\/ru\/product\/skamejka-parkovaya-sb-2-1\/\",\"url\":\"https:\/\/rgrpluss.lv\/ru\/product\/skamejka-parkovaya-sb-2-1\/\",\"name\":\"\u0421\u043a\u0430\u043c\u0435\u0439\u043a\u0430 \u043f\u0430\u0440\u043a\u043e\u0432\u0430\u044f SB-2.1 - RGR pluss\",\"isPartOf\":{\"@id\":\"http:\/\/rgrpluss.lv\/ru\/#website\"},\"primaryImageOfPage\":{\"@id\":\"https:\/\/rgrpluss.lv\/ru\/product\/skamejka-parkovaya-sb-2-1\/#primaryimage\"},\"image\":{\"@id\":\"https:\/\/rgrpluss.lv\/ru\/product\/skamejka-parkovaya-sb-2-1\/#primaryimage\"},\"thumbnailUrl\":\"https:\/\/rgrpluss.lv\/wp-content\/uploads\/2020\/07\/1-102.png\",\"datePublished\":\"2020-12-11T12:15:26+00:00\",\"dateModified\":\"2025-12-29T19:30:59+00:00\",\"breadcrumb\":{\"@id\":\"https:\/\/rgrpluss.lv\/ru\/product\/skamejka-parkovaya-sb-2-1\/#breadcrumb\"},\"inLanguage\":\"ru-RU\",\"potentialAction\":[{\"@type\":\"ReadAction\",\"target\":[\"https:\/\/rgrpluss.lv\/ru\/product\/skamejka-parkovaya-sb-2-1\/\"]}]},{\"@type\":\"ImageObject\",\"inLanguage\":\"ru-RU\",\"@id\":\"https:\/\/rgrpluss.lv\/ru\/product\/skamejka-parkovaya-sb-2-1\/#primaryimage\",\"url\":\"https:\/\/rgrpluss.lv\/wp-content\/uploads\/2020\/07\/1-102.png\",\"contentUrl\":\"https:\/\/rgrpluss.lv\/wp-content\/uploads\/2020\/07\/1-102.png\",\"width\":1656,\"height\":1660},{\"@type\":\"BreadcrumbList\",\"@id\":\"https:\/\/rgrpluss.lv\/ru\/product\/skamejka-parkovaya-sb-2-1\/#breadcrumb\",\"itemListElement\":[{\"@type\":\"ListItem\",\"position\":1,\"name\":\"\u0413\u043b\u0430\u0432\u043d\u0430\u044f \u0441\u0442\u0440\u0430\u043d\u0438\u0446\u0430\",\"item\":\"https:\/\/rgrpluss.lv\/ru\/\"},{\"@type\":\"ListItem\",\"position\":2,\"name\":\"\u041c\u0430\u0433\u0430\u0437\u0438\u043d\",\"item\":\"https:\/\/rgrpluss.lv\/ru\/magazin\/\"},{\"@type\":\"ListItem\",\"position\":3,\"name\":\"\u0421\u043a\u0430\u043c\u0435\u0439\u043a\u0430 \u043f\u0430\u0440\u043a\u043e\u0432\u0430\u044f SB-2.1\"}]},{\"@type\":\"WebSite\",\"@id\":\"http:\/\/rgrpluss.lv\/ru\/#website\",\"url\":\"http:\/\/rgrpluss.lv\/ru\/\",\"name\":\"RGR pluss\",\"description\":\"RGR Plus interneta veikals\",\"potentialAction\":[{\"@type\":\"SearchAction\",\"target\":{\"@type\":\"EntryPoint\",\"urlTemplate\":\"http:\/\/rgrpluss.lv\/ru\/?s={search_term_string}\"},\"query-input\":{\"@type\":\"PropertyValueSpecification\",\"valueRequired\":true,\"valueName\":\"search_term_string\"}}],\"inLanguage\":\"ru-RU\"}]}<\/script>\n<!-- \/ Yoast SEO plugin. -->","yoast_head_json":{"title":"\u0421\u043a\u0430\u043c\u0435\u0439\u043a\u0430 \u043f\u0430\u0440\u043a\u043e\u0432\u0430\u044f SB-2.1 - RGR pluss","robots":{"index":"index","follow":"follow","max-snippet":"max-snippet:-1","max-image-preview":"max-image-preview:large","max-video-preview":"max-video-preview:-1"},"canonical":"https:\/\/rgrpluss.lv\/ru\/product\/skamejka-parkovaya-sb-2-1\/","og_locale":"ru_RU","og_type":"article","og_title":"\u0421\u043a\u0430\u043c\u0435\u0439\u043a\u0430 \u043f\u0430\u0440\u043a\u043e\u0432\u0430\u044f SB-2.1 - RGR pluss","og_description":"Ra\u017eo\u0161anas laiks l\u012bdz 2\u20133 ned\u0113\u013c\u0101m atkar\u012bb\u0101 no noslodzes","og_url":"https:\/\/rgrpluss.lv\/ru\/product\/skamejka-parkovaya-sb-2-1\/","og_site_name":"RGR pluss","article_modified_time":"2025-12-29T19:30:59+00:00","og_image":[{"width":1656,"height":1660,"url":"https:\/\/rgrpluss.lv\/wp-content\/uploads\/2020\/07\/1-102.png","type":"image\/png"}],"twitter_card":"summary_large_image","schema":{"@context":"https:\/\/schema.org","@graph":[{"@type":"WebPage","@id":"https:\/\/rgrpluss.lv\/ru\/product\/skamejka-parkovaya-sb-2-1\/","url":"https:\/\/rgrpluss.lv\/ru\/product\/skamejka-parkovaya-sb-2-1\/","name":"\u0421\u043a\u0430\u043c\u0435\u0439\u043a\u0430 \u043f\u0430\u0440\u043a\u043e\u0432\u0430\u044f SB-2.1 - RGR pluss","isPartOf":{"@id":"http:\/\/rgrpluss.lv\/ru\/#website"},"primaryImageOfPage":{"@id":"https:\/\/rgrpluss.lv\/ru\/product\/skamejka-parkovaya-sb-2-1\/#primaryimage"},"image":{"@id":"https:\/\/rgrpluss.lv\/ru\/product\/skamejka-parkovaya-sb-2-1\/#primaryimage"},"thumbnailUrl":"https:\/\/rgrpluss.lv\/wp-content\/uploads\/2020\/07\/1-102.png","datePublished":"2020-12-11T12:15:26+00:00","dateModified":"2025-12-29T19:30:59+00:00","breadcrumb":{"@id":"https:\/\/rgrpluss.lv\/ru\/product\/skamejka-parkovaya-sb-2-1\/#breadcrumb"},"inLanguage":"ru-RU","potentialAction":[{"@type":"ReadAction","target":["https:\/\/rgrpluss.lv\/ru\/product\/skamejka-parkovaya-sb-2-1\/"]}]},{"@type":"ImageObject","inLanguage":"ru-RU","@id":"https:\/\/rgrpluss.lv\/ru\/product\/skamejka-parkovaya-sb-2-1\/#primaryimage","url":"https:\/\/rgrpluss.lv\/wp-content\/uploads\/2020\/07\/1-102.png","contentUrl":"https:\/\/rgrpluss.lv\/wp-content\/uploads\/2020\/07\/1-102.png","width":1656,"height":1660},{"@type":"BreadcrumbList","@id":"https:\/\/rgrpluss.lv\/ru\/product\/skamejka-parkovaya-sb-2-1\/#breadcrumb","itemListElement":[{"@type":"ListItem","position":1,"name":"\u0413\u043b\u0430\u0432\u043d\u0430\u044f \u0441\u0442\u0440\u0430\u043d\u0438\u0446\u0430","item":"https:\/\/rgrpluss.lv\/ru\/"},{"@type":"ListItem","position":2,"name":"\u041c\u0430\u0433\u0430\u0437\u0438\u043d","item":"https:\/\/rgrpluss.lv\/ru\/magazin\/"},{"@type":"ListItem","position":3,"name":"\u0421\u043a\u0430\u043c\u0435\u0439\u043a\u0430 \u043f\u0430\u0440\u043a\u043e\u0432\u0430\u044f SB-2.1"}]},{"@type":"WebSite","@id":"http:\/\/rgrpluss.lv\/ru\/#website","url":"http:\/\/rgrpluss.lv\/ru\/","name":"RGR pluss","description":"RGR Plus interneta veikals","potentialAction":[{"@type":"SearchAction","target":{"@type":"EntryPoint","urlTemplate":"http:\/\/rgrpluss.lv\/ru\/?s={search_term_string}"},"query-input":{"@type":"PropertyValueSpecification","valueRequired":true,"valueName":"search_term_string"}}],"inLanguage":"ru-RU"}]}},"_links":{"self":[{"href":"https:\/\/rgrpluss.lv\/ru\/wp-json\/wp\/v2\/product\/13879","targetHints":{"allow":["GET"]}}],"collection":[{"href":"https:\/\/rgrpluss.lv\/ru\/wp-json\/wp\/v2\/product"}],"about":[{"href":"https:\/\/rgrpluss.lv\/ru\/wp-json\/wp\/v2\/types\/product"}],"wp:featuredmedia":[{"embeddable":true,"href":"https:\/\/rgrpluss.lv\/ru\/wp-json\/wp\/v2\/media\/10915"}],"wp:attachment":[{"href":"https:\/\/rgrpluss.lv\/ru\/wp-json\/wp\/v2\/media?parent=13879"}],"wp:term":[{"taxonomy":"product_brand","embeddable":true,"href":"https:\/\/rgrpluss.lv\/ru\/wp-json\/wp\/v2\/product_brand?post=13879"},{"taxonomy":"product_cat","embeddable":true,"href":"https:\/\/rgrpluss.lv\/ru\/wp-json\/wp\/v2\/product_cat?post=13879"},{"taxonomy":"product_tag","embeddable":true,"href":"https:\/\/rgrpluss.lv\/ru\/wp-json\/wp\/v2\/product_tag?post=13879"}],"curies":[{"name":"wp","href":"https:\/\/api.w.org\/{rel}","templated":true}]}}