{"id":2999,"date":"2020-06-14T12:22:34","date_gmt":"2020-06-14T12:22:34","guid":{"rendered":"http:\/\/dev.rgrpluss.lv\/?page_id=2999"},"modified":"2021-04-16T15:03:09","modified_gmt":"2021-04-16T15:03:09","slug":"moya-uchetnaya-zapis","status":"publish","type":"page","link":"https:\/\/rgrpluss.lv\/ru\/moya-uchetnaya-zapis\/","title":{"rendered":"\u041c\u043e\u044f \u0443\u0447\u0435\u0442\u043d\u0430\u044f \u0437\u0430\u043f\u0438\u0441\u044c"},"content":{"rendered":"<div class=\"woocommerce\"><div class=\"woocommerce-notices-wrapper\"><\/div>\n<div class=\"wd-registration-page wd-register-tabs\">\n\n\n<div class=\"wd-grid-f-col\" id=\"customer_login\">\n\n\t<div class=\"wd-col col-login\">\n\n\n\t\t<h2 class=\"wd-login-title\">\u0412\u0445\u043e\u0434<\/h2>\n\n\t\t\t\t\t<form method=\"post\" class=\"login woocommerce-form woocommerce-form-login\n\t\t\t\t\t\t\" action=\"https:\/\/rgrpluss.lv\/ru\/moya-uchetnaya-zapis\/?action=login\" \t\t\t>\n\n\t\t\t\t\n\t\t\t\t\n\t\t\t\t<p class=\"woocommerce-FormRow woocommerce-FormRow--wide form-row form-row-wide form-row-username\">\n\t\t\t\t\t<label for=\"username\">\u0418\u043c\u044f \u043f\u043e\u043b\u044c\u0437\u043e\u0432\u0430\u0442\u0435\u043b\u044f \u0438\u043b\u0438 \u0430\u0434\u0440\u0435\u0441 email&nbsp;<span class=\"required\" aria-hidden=\"true\">*<\/span><span class=\"screen-reader-text\">\u041e\u0431\u044f\u0437\u0430\u0442\u0435\u043b\u044c\u043d\u043e<\/span><\/label>\n\t\t\t\t\t<input type=\"text\" class=\"woocommerce-Input woocommerce-Input--text input-text\" name=\"username\" id=\"username\" value=\"\" \/>\t\t\t\t<\/p>\n\t\t\t\t<p class=\"woocommerce-FormRow woocommerce-FormRow--wide form-row form-row-wide form-row-password\">\n\t\t\t\t\t<label for=\"password\">\u041f\u0430\u0440\u043e\u043b\u044c&nbsp;<span class=\"required\" aria-hidden=\"true\">*<\/span><span class=\"screen-reader-text\">\u041e\u0431\u044f\u0437\u0430\u0442\u0435\u043b\u044c\u043d\u043e<\/span><\/label>\n\t\t\t\t\t<input class=\"woocommerce-Input woocommerce-Input--text input-text\" type=\"password\" name=\"password\" id=\"password\" autocomplete=\"current-password\" \/>\n\t\t\t\t<\/p>\n\n\t\t\t\t\n\t\t\t\t<p class=\"form-row\">\n\t\t\t\t\t<input type=\"hidden\" id=\"woocommerce-login-nonce\" name=\"woocommerce-login-nonce\" value=\"45c6782932\" \/><input type=\"hidden\" name=\"_wp_http_referer\" value=\"\/ru\/wp-json\/wp\/v2\/pages\/2999\" \/>\t\t\t\t\t\t\t\t\t\t<button type=\"submit\" class=\"button woocommerce-button woocommerce-form-login__submit\" name=\"login\" value=\"\u0410\u0432\u0442\u043e\u0440\u0438\u0437\u043e\u0432\u0430\u0442\u044c\u0441\u044f\">\u0410\u0432\u0442\u043e\u0440\u0438\u0437\u043e\u0432\u0430\u0442\u044c\u0441\u044f<\/button>\n\t\t\t\t<\/p>\n\n\t\t\t\t<p class=\"login-form-footer\">\n\t\t\t\t\t<a href=\"https:\/\/rgrpluss.lv\/ru\/moya-uchetnaya-zapis\/lost-password\/\" class=\"woocommerce-LostPassword lost_password\">\u0417\u0430\u0431\u044b\u043b\u0438 \u043f\u0430\u0440\u043e\u043b\u044c?<\/a>\n\t\t\t\t\t<label class=\"woocommerce-form__label woocommerce-form__label-for-checkbox woocommerce-form-login__rememberme\">\n\t\t\t\t\t\t<input class=\"woocommerce-form__input woocommerce-form__input-checkbox\" name=\"rememberme\" type=\"checkbox\" value=\"forever\" title=\"\u0417\u0430\u043f\u043e\u043c\u043d\u0438\u0442\u044c \u043c\u0435\u043d\u044f\" aria-label=\"\u0417\u0430\u043f\u043e\u043c\u043d\u0438\u0442\u044c \u043c\u0435\u043d\u044f\" \/> <span>\u0417\u0430\u043f\u043e\u043c\u043d\u0438\u0442\u044c \u043c\u0435\u043d\u044f<\/span>\n\t\t\t\t\t<\/label>\n\t\t\t\t<\/p>\n\n\t\t\t\t\n\t\t\t\t\t\t\t<\/form>\n\n\t\t\n\n\t<\/div>\n\n\t<div class=\"wd-col col-register\">\n\n\t\t<h2 class=\"wd-login-title\">\u0420\u0435\u0433\u0438\u0441\u0442\u0440\u0430\u0446\u0438\u044f<\/h2>\n\n\t\t<form method=\"post\" action=\"https:\/\/rgrpluss.lv\/ru\/moya-uchetnaya-zapis\/?action=register\" class=\"woocommerce-form woocommerce-form-register register\"  >\n\n\t\t\t       \n       <p class=\"form-row form-row-first\">\n       <label for=\"reg_billing_first_name\">\u0418\u043c\u044f<span class=\"required\">*<\/span><\/label>\n       <input type=\"text\" class=\"input-text\" name=\"billing_first_name\" id=\"reg_billing_first_name\" value=\"\" \/>\n       <\/p>\n       <p class=\"form-row form-row-last\">\n       <label for=\"reg_billing_last_name\">\u0424\u0430\u043c\u0438\u043b\u0438\u044f<span class=\"required\">*<\/span><\/label>\n       <input type=\"text\" class=\"input-text\" name=\"billing_last_name\" id=\"reg_billing_last_name\" value=\"\" \/>\n       <\/p>\n       <div class=\"clear\"><\/div>\n       \n\t\t\t\n\t\t\t<p class=\"woocommerce-form-row woocommerce-form-row--wide form-row form-row-wide\">\n\t\t\t\t<label for=\"reg_email\">Email&nbsp;<span class=\"required\" aria-hidden=\"true\">*<\/span><span class=\"screen-reader-text\">\u041e\u0431\u044f\u0437\u0430\u0442\u0435\u043b\u044c\u043d\u043e<\/span><\/label>\n\t\t\t\t<input type=\"email\" class=\"woocommerce-Input woocommerce-Input--text input-text\" name=\"email\" id=\"reg_email\" autocomplete=\"email\" value=\"\" \/>\t\t\t<\/p>\n\n\t\t\t\n\t\t\t\t<p>\u0421\u0441\u044b\u043b\u043a\u0430 \u0434\u043b\u044f \u0443\u0441\u0442\u0430\u043d\u043e\u0432\u043a\u0438 \u043d\u043e\u0432\u043e\u0433\u043e \u043f\u0430\u0440\u043e\u043b\u044f \u0431\u0443\u0434\u0435\u0442 \u043e\u0442\u043f\u0440\u0430\u0432\u043b\u0435\u043d\u0430 \u200b\u200b\u043d\u0430 \u0432\u0430\u0448 \u0430\u0434\u0440\u0435\u0441 \u044d\u043b\u0435\u043a\u0442\u0440\u043e\u043d\u043d\u043e\u0439 \u043f\u043e\u0447\u0442\u044b.<\/p>\n\n\t\t\t\n\t\t\t<div style=\"left: -999em; position: absolute;\"><label for=\"trap\">\u0410\u043d\u0442\u0438\u0441\u043f\u0430\u043c<\/label><input type=\"text\" name=\"email_2\" id=\"trap\" tabindex=\"-1\" \/><\/div>\n\n\t\t\t<wc-order-attribution-inputs><\/wc-order-attribution-inputs><div class=\"woocommerce-privacy-policy-text\"><p>J\u016bsu personas dati tiks izmantoti, lai apstr\u0101d\u0101tu j\u016bsu pas\u016bt\u012bjumu, atbalst\u012btu j\u016bsu pieredzi \u0161aj\u0101 vietn\u0113 un citiem m\u0113r\u0137iem, kas aprakst\u012bti m\u016bsu vietnes  <a href=\"https:\/\/rgrpluss.lv\/konfidencionalitates-politika\/\" class=\"woocommerce-privacy-policy-link\" target=\"_blank\">\u041f\u043e\u043b\u0438\u0442\u0438\u043a\u0430 \u043a\u043e\u043d\u0444\u0438\u0434\u0435\u043d\u0446\u0438\u0430\u043b\u044c\u043d\u043e\u0441\u0442\u0438<\/a>.<\/p>\n<\/div>\n\t\t\t<p class=\"woocommerce-form-row form-row\">\n\t\t\t\t<input type=\"hidden\" id=\"woocommerce-register-nonce\" name=\"woocommerce-register-nonce\" value=\"e2837215c0\" \/><input type=\"hidden\" name=\"_wp_http_referer\" value=\"\/ru\/wp-json\/wp\/v2\/pages\/2999\" \/>\t\t\t\t<button type=\"submit\" class=\"woocommerce-Button woocommerce-button button\" name=\"register\" value=\"\u0420\u0435\u0433\u0438\u0441\u0442\u0440\u0430\u0446\u0438\u044f\">\u0420\u0435\u0433\u0438\u0441\u0442\u0440\u0430\u0446\u0438\u044f<\/button>\n\t\t\t<\/p>\n\n\t\t\t\n\t\t<\/form>\n\n\t<\/div>\n\n\t\t\t<div class=\"wd-col col-register-text\">\n\n\t\t\t<p class=\"title wd-login-divider \"><span>Or<\/span><\/p>\n\n\t\t\t\n\t\t\t\t\t\t\t<h2 class=\"wd-login-title\">\u0417\u0410\u0420\u0415\u0413\u0418\u0421\u0422\u0420\u0418\u0420\u041e\u0412\u0410\u0422\u042c\u0421\u042f<\/h2>\n\t\t\t\n\t\t\t\n\t\t\t\t\t\t\t<div class=\"registration-info\">\u0420\u0435\u0433\u0438\u0441\u0442\u0440\u0430\u0446\u0438\u044f \u043d\u0430 \u044d\u0442\u043e\u043c \u0441\u0430\u0439\u0442\u0435 \u043f\u043e\u0437\u0432\u043e\u043b\u044f\u0435\u0442 \u043f\u043e\u043b\u0443\u0447\u0438\u0442\u044c \u0434\u043e\u0441\u0442\u0443\u043f \u043a \u0441\u0442\u0430\u0442\u0443\u0441\u0443 \u0438 \u0438\u0441\u0442\u043e\u0440\u0438\u0438 \u0432\u0430\u0448\u0435\u0433\u043e \u0437\u0430\u043a\u0430\u0437\u0430. \u041f\u0440\u043e\u0441\u0442\u043e \u0437\u0430\u043f\u043e\u043b\u043d\u0438\u0442\u0435 \u043f\u043e\u043b\u044f \u043d\u0438\u0436\u0435, \u0438 \u043c\u044b \u0432 \u043a\u0440\u0430\u0442\u0447\u0430\u0439\u0448\u0438\u0435 \u0441\u0440\u043e\u043a\u0438 \u0441\u043e\u0437\u0434\u0430\u0434\u0438\u043c \u0434\u043b\u044f \u0432\u0430\u0441 \u043d\u043e\u0432\u0443\u044e \u0443\u0447\u0435\u0442\u043d\u0443\u044e \u0437\u0430\u043f\u0438\u0441\u044c. \u041c\u044b \u0431\u0443\u0434\u0435\u043c \u0437\u0430\u043f\u0440\u0430\u0448\u0438\u0432\u0430\u0442\u044c \u0443 \u0432\u0430\u0441 \u0442\u043e\u043b\u044c\u043a\u043e \u0438\u043d\u0444\u043e\u0440\u043c\u0430\u0446\u0438\u044e, \u043d\u0435\u043e\u0431\u0445\u043e\u0434\u0438\u043c\u0443\u044e \u0434\u043b\u044f \u0443\u0441\u043a\u043e\u0440\u0435\u043d\u0438\u044f \u0438 \u0443\u043f\u0440\u043e\u0449\u0435\u043d\u0438\u044f \u043f\u0440\u043e\u0446\u0435\u0441\u0441\u0430 \u043f\u043e\u043a\u0443\u043f\u043a\u0438.<\/div>\n\t\t\t\n\t\t\t\n\t\t\t<a href=\"#\" rel=\"nofollow noopener\" class=\"btn wd-switch-to-register\" data-login=\"\u0412\u0445\u043e\u0434\" data-login-title=\"Login\" data-reg-title=\"\u0417\u0410\u0420\u0415\u0413\u0418\u0421\u0422\u0420\u0418\u0420\u041e\u0412\u0410\u0422\u042c\u0421\u042f\" data-register=\"\u0420\u0435\u0433\u0438\u0441\u0442\u0440\u0430\u0446\u0438\u044f\">\u0420\u0435\u0433\u0438\u0441\u0442\u0440\u0430\u0446\u0438\u044f<\/a>\n\n\t\t<\/div>\n\t\n<\/div>\n\n<\/div>\n\n<\/div>","protected":false},"excerpt":{"rendered":"\u0412\u0445\u043e\u0434 \u0418\u043c\u044f \u043f\u043e\u043b\u044c\u0437\u043e\u0432\u0430\u0442\u0435\u043b\u044f \u0438\u043b\u0438 \u0430\u0434\u0440\u0435\u0441 email&nbsp;*\u041e\u0431\u044f\u0437\u0430\u0442\u0435\u043b\u044c\u043d\u043e \u041f\u0430\u0440\u043e\u043b\u044c&nbsp;*\u041e\u0431\u044f\u0437\u0430\u0442\u0435\u043b\u044c\u043d\u043e \u0410\u0432\u0442\u043e\u0440\u0438\u0437\u043e\u0432\u0430\u0442\u044c\u0441\u044f \u0417\u0430\u0431\u044b\u043b\u0438 \u043f\u0430\u0440\u043e\u043b\u044c? \u0417\u0430\u043f\u043e\u043c\u043d\u0438\u0442\u044c \u043c\u0435\u043d\u044f \u0420\u0435\u0433\u0438\u0441\u0442\u0440\u0430\u0446\u0438\u044f \u0418\u043c\u044f* \u0424\u0430\u043c\u0438\u043b\u0438\u044f* Email&nbsp;*\u041e\u0431\u044f\u0437\u0430\u0442\u0435\u043b\u044c\u043d\u043e \u0421\u0441\u044b\u043b\u043a\u0430 \u0434\u043b\u044f \u0443\u0441\u0442\u0430\u043d\u043e\u0432\u043a\u0438 \u043d\u043e\u0432\u043e\u0433\u043e","protected":false},"author":1,"featured_media":0,"parent":0,"menu_order":0,"comment_status":"closed","ping_status":"closed","template":"","meta":{"_acf_changed":false,"footnotes":""},"class_list":["post-2999","page","type-page","status-publish","hentry"],"acf":[],"yoast_head":"<!-- This site is optimized with the Yoast SEO plugin v24.5 - https:\/\/yoast.com\/wordpress\/plugins\/seo\/ -->\n<title>\u041c\u043e\u044f \u0443\u0447\u0435\u0442\u043d\u0430\u044f \u0437\u0430\u043f\u0438\u0441\u044c - RGR pluss<\/title>\n<meta name=\"robots\" content=\"index, follow, max-snippet:-1, max-image-preview:large, max-video-preview:-1\" \/>\n<link rel=\"canonical\" href=\"https:\/\/rgrpluss.lv\/ru\/moya-uchetnaya-zapis\/\" \/>\n<meta property=\"og:locale\" content=\"ru_RU\" \/>\n<meta property=\"og:type\" content=\"article\" \/>\n<meta property=\"og:title\" content=\"\u041c\u043e\u044f \u0443\u0447\u0435\u0442\u043d\u0430\u044f \u0437\u0430\u043f\u0438\u0441\u044c - RGR pluss\" \/>\n<meta property=\"og:url\" content=\"https:\/\/rgrpluss.lv\/ru\/moya-uchetnaya-zapis\/\" \/>\n<meta property=\"og:site_name\" content=\"RGR pluss\" \/>\n<meta property=\"article:modified_time\" content=\"2021-04-16T15:03:09+00:00\" \/>\n<meta name=\"twitter:card\" content=\"summary_large_image\" \/>\n<script type=\"application\/ld+json\" class=\"yoast-schema-graph\">{\"@context\":\"https:\/\/schema.org\",\"@graph\":[{\"@type\":\"WebPage\",\"@id\":\"https:\/\/rgrpluss.lv\/ru\/moya-uchetnaya-zapis\/\",\"url\":\"https:\/\/rgrpluss.lv\/ru\/moya-uchetnaya-zapis\/\",\"name\":\"\u041c\u043e\u044f \u0443\u0447\u0435\u0442\u043d\u0430\u044f \u0437\u0430\u043f\u0438\u0441\u044c - RGR pluss\",\"isPartOf\":{\"@id\":\"http:\/\/rgrpluss.lv\/ru\/#website\"},\"datePublished\":\"2020-06-14T12:22:34+00:00\",\"dateModified\":\"2021-04-16T15:03:09+00:00\",\"breadcrumb\":{\"@id\":\"https:\/\/rgrpluss.lv\/ru\/moya-uchetnaya-zapis\/#breadcrumb\"},\"inLanguage\":\"ru-RU\",\"potentialAction\":[{\"@type\":\"ReadAction\",\"target\":[\"https:\/\/rgrpluss.lv\/ru\/moya-uchetnaya-zapis\/\"]}]},{\"@type\":\"BreadcrumbList\",\"@id\":\"https:\/\/rgrpluss.lv\/ru\/moya-uchetnaya-zapis\/#breadcrumb\",\"itemListElement\":[{\"@type\":\"ListItem\",\"position\":1,\"name\":\"\u0413\u043b\u0430\u0432\u043d\u0430\u044f \u0441\u0442\u0440\u0430\u043d\u0438\u0446\u0430\",\"item\":\"https:\/\/rgrpluss.lv\/ru\/\"},{\"@type\":\"ListItem\",\"position\":2,\"name\":\"\u041c\u043e\u044f \u0443\u0447\u0435\u0442\u043d\u0430\u044f \u0437\u0430\u043f\u0438\u0441\u044c\"}]},{\"@type\":\"WebSite\",\"@id\":\"http:\/\/rgrpluss.lv\/ru\/#website\",\"url\":\"http:\/\/rgrpluss.lv\/ru\/\",\"name\":\"RGR pluss\",\"description\":\"RGR Plus interneta veikals\",\"potentialAction\":[{\"@type\":\"SearchAction\",\"target\":{\"@type\":\"EntryPoint\",\"urlTemplate\":\"http:\/\/rgrpluss.lv\/ru\/?s={search_term_string}\"},\"query-input\":{\"@type\":\"PropertyValueSpecification\",\"valueRequired\":true,\"valueName\":\"search_term_string\"}}],\"inLanguage\":\"ru-RU\"}]}<\/script>\n<!-- \/ Yoast SEO plugin. -->","yoast_head_json":{"title":"\u041c\u043e\u044f \u0443\u0447\u0435\u0442\u043d\u0430\u044f \u0437\u0430\u043f\u0438\u0441\u044c - RGR pluss","robots":{"index":"index","follow":"follow","max-snippet":"max-snippet:-1","max-image-preview":"max-image-preview:large","max-video-preview":"max-video-preview:-1"},"canonical":"https:\/\/rgrpluss.lv\/ru\/moya-uchetnaya-zapis\/","og_locale":"ru_RU","og_type":"article","og_title":"\u041c\u043e\u044f \u0443\u0447\u0435\u0442\u043d\u0430\u044f \u0437\u0430\u043f\u0438\u0441\u044c - RGR pluss","og_url":"https:\/\/rgrpluss.lv\/ru\/moya-uchetnaya-zapis\/","og_site_name":"RGR pluss","article_modified_time":"2021-04-16T15:03:09+00:00","twitter_card":"summary_large_image","schema":{"@context":"https:\/\/schema.org","@graph":[{"@type":"WebPage","@id":"https:\/\/rgrpluss.lv\/ru\/moya-uchetnaya-zapis\/","url":"https:\/\/rgrpluss.lv\/ru\/moya-uchetnaya-zapis\/","name":"\u041c\u043e\u044f \u0443\u0447\u0435\u0442\u043d\u0430\u044f \u0437\u0430\u043f\u0438\u0441\u044c - RGR pluss","isPartOf":{"@id":"http:\/\/rgrpluss.lv\/ru\/#website"},"datePublished":"2020-06-14T12:22:34+00:00","dateModified":"2021-04-16T15:03:09+00:00","breadcrumb":{"@id":"https:\/\/rgrpluss.lv\/ru\/moya-uchetnaya-zapis\/#breadcrumb"},"inLanguage":"ru-RU","potentialAction":[{"@type":"ReadAction","target":["https:\/\/rgrpluss.lv\/ru\/moya-uchetnaya-zapis\/"]}]},{"@type":"BreadcrumbList","@id":"https:\/\/rgrpluss.lv\/ru\/moya-uchetnaya-zapis\/#breadcrumb","itemListElement":[{"@type":"ListItem","position":1,"name":"\u0413\u043b\u0430\u0432\u043d\u0430\u044f \u0441\u0442\u0440\u0430\u043d\u0438\u0446\u0430","item":"https:\/\/rgrpluss.lv\/ru\/"},{"@type":"ListItem","position":2,"name":"\u041c\u043e\u044f \u0443\u0447\u0435\u0442\u043d\u0430\u044f \u0437\u0430\u043f\u0438\u0441\u044c"}]},{"@type":"WebSite","@id":"http:\/\/rgrpluss.lv\/ru\/#website","url":"http:\/\/rgrpluss.lv\/ru\/","name":"RGR pluss","description":"RGR Plus interneta veikals","potentialAction":[{"@type":"SearchAction","target":{"@type":"EntryPoint","urlTemplate":"http:\/\/rgrpluss.lv\/ru\/?s={search_term_string}"},"query-input":{"@type":"PropertyValueSpecification","valueRequired":true,"valueName":"search_term_string"}}],"inLanguage":"ru-RU"}]}},"_links":{"self":[{"href":"https:\/\/rgrpluss.lv\/ru\/wp-json\/wp\/v2\/pages\/2999","targetHints":{"allow":["GET"]}}],"collection":[{"href":"https:\/\/rgrpluss.lv\/ru\/wp-json\/wp\/v2\/pages"}],"about":[{"href":"https:\/\/rgrpluss.lv\/ru\/wp-json\/wp\/v2\/types\/page"}],"author":[{"embeddable":true,"href":"https:\/\/rgrpluss.lv\/ru\/wp-json\/wp\/v2\/users\/1"}],"replies":[{"embeddable":true,"href":"https:\/\/rgrpluss.lv\/ru\/wp-json\/wp\/v2\/comments?post=2999"}],"version-history":[{"count":1,"href":"https:\/\/rgrpluss.lv\/ru\/wp-json\/wp\/v2\/pages\/2999\/revisions"}],"predecessor-version":[{"id":16235,"href":"https:\/\/rgrpluss.lv\/ru\/wp-json\/wp\/v2\/pages\/2999\/revisions\/16235"}],"wp:attachment":[{"href":"https:\/\/rgrpluss.lv\/ru\/wp-json\/wp\/v2\/media?parent=2999"}],"curies":[{"name":"wp","href":"https:\/\/api.w.org\/{rel}","templated":true}]}}